{"id":15918,"date":"2023-10-20T20:39:36","date_gmt":"2023-10-20T18:39:36","guid":{"rendered":"https:\/\/eterle.cz\/eshop\/produkt\/porcelanova-vaza-leander-4\/"},"modified":"2025-02-16T02:51:53","modified_gmt":"2025-02-16T01:51:53","slug":"porcelanova-vaza-leander-4","status":"publish","type":"product","link":"https:\/\/eterle.cz\/eshop\/produkt\/porcelanova-vaza-leander-4\/","title":{"rendered":"Porcel\u00e1nov\u00e1 v\u00e1za  \/ Leander"},"content":{"rendered":"<p>St\u0159edn\u011b velk\u00e1 porcel\u00e1nov\u00e1 v\u00e1za s \u0161ir\u0161\u00edm hrdlem od \u010desk\u00e9 porcel\u00e1nky Leander, kter\u00e1 vyr\u00e1b\u00ed vysoce kvalitn\u00ed porcel\u00e1n ru\u010dn\u00ed v\u00fdroby. V\u00e1za je zdobena drobn\u00fdm lu\u010dn\u00ed kv\u00edt\u00edm.<\/p>\n<p>Stav: perfektn\u00ed, nepou\u017eit\u00e1<br \/>\nZna\u010dka: Leander<br \/>\nRozm\u011br<br \/>\nV\u00fd\u0161ka: 17,5 cm<br \/>\nPr\u016fm\u011br otvoru: 12,5 cm<\/p>\n","protected":false},"excerpt":{"rendered":"<p>St\u0159edn\u011b velk\u00e1 porcel\u00e1nov\u00e1 v\u00e1za s \u0161ir\u0161\u00edm hrdlem od \u010desk\u00e9 porcel\u00e1nky Leander, kter\u00e1 vyr\u00e1b\u00ed vysoce kvalitn\u00ed porcel\u00e1n ru\u010dn\u00ed v\u00fdroby. V\u00e1za je<\/p>\n","protected":false},"featured_media":15625,"template":"","meta":[],"product_brand":[153],"product_cat":[91],"product_tag":[],"class_list":{"0":"post-15918","1":"product","2":"type-product","3":"status-publish","4":"has-post-thumbnail","6":"product_brand-eterle-cz","7":"product_cat-prodane","9":"first","10":"outofstock","11":"purchasable","12":"product-type-simple"},"_links":{"self":[{"href":"https:\/\/eterle.cz\/eshop\/wp-json\/wp\/v2\/product\/15918","targetHints":{"allow":["GET"]}}],"collection":[{"href":"https:\/\/eterle.cz\/eshop\/wp-json\/wp\/v2\/product"}],"about":[{"href":"https:\/\/eterle.cz\/eshop\/wp-json\/wp\/v2\/types\/product"}],"version-history":[{"count":0,"href":"https:\/\/eterle.cz\/eshop\/wp-json\/wp\/v2\/product\/15918\/revisions"}],"wp:featuredmedia":[{"embeddable":true,"href":"https:\/\/eterle.cz\/eshop\/wp-json\/wp\/v2\/media\/15625"}],"wp:attachment":[{"href":"https:\/\/eterle.cz\/eshop\/wp-json\/wp\/v2\/media?parent=15918"}],"wp:term":[{"taxonomy":"product_brand","embeddable":true,"href":"https:\/\/eterle.cz\/eshop\/wp-json\/wp\/v2\/product_brand?post=15918"},{"taxonomy":"product_cat","embeddable":true,"href":"https:\/\/eterle.cz\/eshop\/wp-json\/wp\/v2\/product_cat?post=15918"},{"taxonomy":"product_tag","embeddable":true,"href":"https:\/\/eterle.cz\/eshop\/wp-json\/wp\/v2\/product_tag?post=15918"}],"curies":[{"name":"wp","href":"https:\/\/api.w.org\/{rel}","templated":true}]}}