{"id":16181,"date":"2023-10-26T02:26:04","date_gmt":"2023-10-26T00:26:04","guid":{"rendered":"https:\/\/eterle.cz\/eshop\/produkt\/holcicka-se-slunecnikem-dux\/"},"modified":"2026-03-30T19:09:59","modified_gmt":"2026-03-30T17:09:59","slug":"holcicka-se-slunecnikem-dux","status":"publish","type":"product","link":"https:\/\/eterle.cz\/eshop\/produkt\/holcicka-se-slunecnikem-dux\/","title":{"rendered":"Hol\u010di\u010dka se slune\u010dn\u00edkem \/ Dux"},"content":{"rendered":"<p>Porcel\u00e1nov\u00e1 so\u0161ka d\u00edvky se slune\u010dn\u00edkem od design\u00e9rky E. K\u00f6nigov\u00e9 v proveden\u00ed cibul\u00e1kov\u00e9ho vzoru. K\u00f6nigov\u00e1 tvo\u0159ila obl\u00edben\u00e9 figurky baculat\u00fdch d\u011bt\u00ed, kter\u00e9 jsou nyn\u00ed cen\u011bn\u00fdmi polo\u017ekami v nab\u00eddk\u00e1ch auk\u010dn\u00edch s\u00edn\u00ed.<\/p>\n<p>Stav: perfektn\u00ed<br \/>\nZna\u010dka: Dux, E. K\u00f6nigov\u00e9<br \/>\nRozm\u011br<br \/>\nV\u00fd\u0161ka: 17 cm<br \/>\n\u0160\u00ed\u0159ka: 11 cm<\/p>\n","protected":false},"excerpt":{"rendered":"<p>Porcel\u00e1nov\u00e1 so\u0161ka d\u00edvky se slune\u010dn\u00edkem od design\u00e9rky E. K\u00f6nigov\u00e9 v proveden\u00ed cibul\u00e1kov\u00e9ho vzoru. K\u00f6nigov\u00e1 tvo\u0159ila obl\u00edben\u00e9 figurky baculat\u00fdch d\u011bt\u00ed, kter\u00e9<\/p>\n","protected":false},"featured_media":15987,"template":"","meta":[],"product_brand":[153],"product_cat":[80,136],"product_tag":[],"class_list":{"0":"post-16181","1":"product","2":"type-product","3":"status-publish","4":"has-post-thumbnail","6":"product_brand-eterle-cz","7":"product_cat-dekorace","8":"product_cat-sosky","10":"first","11":"instock","12":"purchasable","13":"product-type-simple"},"_links":{"self":[{"href":"https:\/\/eterle.cz\/eshop\/wp-json\/wp\/v2\/product\/16181","targetHints":{"allow":["GET"]}}],"collection":[{"href":"https:\/\/eterle.cz\/eshop\/wp-json\/wp\/v2\/product"}],"about":[{"href":"https:\/\/eterle.cz\/eshop\/wp-json\/wp\/v2\/types\/product"}],"version-history":[{"count":1,"href":"https:\/\/eterle.cz\/eshop\/wp-json\/wp\/v2\/product\/16181\/revisions"}],"predecessor-version":[{"id":26268,"href":"https:\/\/eterle.cz\/eshop\/wp-json\/wp\/v2\/product\/16181\/revisions\/26268"}],"wp:featuredmedia":[{"embeddable":true,"href":"https:\/\/eterle.cz\/eshop\/wp-json\/wp\/v2\/media\/15987"}],"wp:attachment":[{"href":"https:\/\/eterle.cz\/eshop\/wp-json\/wp\/v2\/media?parent=16181"}],"wp:term":[{"taxonomy":"product_brand","embeddable":true,"href":"https:\/\/eterle.cz\/eshop\/wp-json\/wp\/v2\/product_brand?post=16181"},{"taxonomy":"product_cat","embeddable":true,"href":"https:\/\/eterle.cz\/eshop\/wp-json\/wp\/v2\/product_cat?post=16181"},{"taxonomy":"product_tag","embeddable":true,"href":"https:\/\/eterle.cz\/eshop\/wp-json\/wp\/v2\/product_tag?post=16181"}],"curies":[{"name":"wp","href":"https:\/\/api.w.org\/{rel}","templated":true}]}}