{"id":16182,"date":"2023-10-26T02:26:14","date_gmt":"2023-10-26T00:26:14","guid":{"rendered":"https:\/\/eterle.cz\/eshop\/produkt\/holcicka-se-sasou-dux\/"},"modified":"2025-02-16T02:50:39","modified_gmt":"2025-02-16T01:50:39","slug":"holcicka-se-sasou-dux","status":"publish","type":"product","link":"https:\/\/eterle.cz\/eshop\/produkt\/holcicka-se-sasou-dux\/","title":{"rendered":"Hol\u010di\u010dka se \u0161\u00e1\u0161ou \/ Dux"},"content":{"rendered":"<p>Porcel\u00e1nov\u00e1 so\u0161ka d\u00edvky se \u0161\u00e1\u0161ou od design\u00e9rky E. K\u00f6nigov\u00e9 v proveden\u00ed cubul\u00e1kov\u00e9ho vzoru. K\u00f6nigov\u00e1 tvo\u0159ila obl\u00edben\u00e9 figurky baculat\u00fdch d\u011bt\u00ed, kter\u00e9 sou nyn\u00ed cen\u011bn\u00fdmi polo\u017ekami v nab\u00eddk\u00e1ch auk\u010dn\u00edch s\u00edn\u00ed.<\/p>\n<p>Stav: perfektn\u00ed<br \/>\nZna\u010dka: Dux, E. K\u00f6nigov\u00e9<br \/>\nRozm\u011br<br \/>\nV\u00fd\u0161ka: 15 cm<br \/>\n\u0160\u00ed\u0159ka: 6 cm<\/p>\n","protected":false},"excerpt":{"rendered":"<p>Porcel\u00e1nov\u00e1 so\u0161ka d\u00edvky se \u0161\u00e1\u0161ou od design\u00e9rky E. K\u00f6nigov\u00e9 v proveden\u00ed cubul\u00e1kov\u00e9ho vzoru. K\u00f6nigov\u00e1 tvo\u0159ila obl\u00edben\u00e9 figurky baculat\u00fdch d\u011bt\u00ed, kter\u00e9<\/p>\n","protected":false},"featured_media":15993,"template":"","meta":[],"product_brand":[153],"product_cat":[91],"product_tag":[],"class_list":{"0":"post-16182","1":"product","2":"type-product","3":"status-publish","4":"has-post-thumbnail","6":"product_brand-eterle-cz","7":"product_cat-prodane","9":"first","10":"outofstock","11":"purchasable","12":"product-type-simple"},"_links":{"self":[{"href":"https:\/\/eterle.cz\/eshop\/wp-json\/wp\/v2\/product\/16182","targetHints":{"allow":["GET"]}}],"collection":[{"href":"https:\/\/eterle.cz\/eshop\/wp-json\/wp\/v2\/product"}],"about":[{"href":"https:\/\/eterle.cz\/eshop\/wp-json\/wp\/v2\/types\/product"}],"version-history":[{"count":0,"href":"https:\/\/eterle.cz\/eshop\/wp-json\/wp\/v2\/product\/16182\/revisions"}],"wp:featuredmedia":[{"embeddable":true,"href":"https:\/\/eterle.cz\/eshop\/wp-json\/wp\/v2\/media\/15993"}],"wp:attachment":[{"href":"https:\/\/eterle.cz\/eshop\/wp-json\/wp\/v2\/media?parent=16182"}],"wp:term":[{"taxonomy":"product_brand","embeddable":true,"href":"https:\/\/eterle.cz\/eshop\/wp-json\/wp\/v2\/product_brand?post=16182"},{"taxonomy":"product_cat","embeddable":true,"href":"https:\/\/eterle.cz\/eshop\/wp-json\/wp\/v2\/product_cat?post=16182"},{"taxonomy":"product_tag","embeddable":true,"href":"https:\/\/eterle.cz\/eshop\/wp-json\/wp\/v2\/product_tag?post=16182"}],"curies":[{"name":"wp","href":"https:\/\/api.w.org\/{rel}","templated":true}]}}