{"id":16183,"date":"2023-10-26T02:26:18","date_gmt":"2023-10-26T00:26:18","guid":{"rendered":"https:\/\/eterle.cz\/eshop\/produkt\/akt-stojici-divky-dux\/"},"modified":"2025-09-08T09:10:58","modified_gmt":"2025-09-08T07:10:58","slug":"akt-stojici-divky-dux","status":"publish","type":"product","link":"https:\/\/eterle.cz\/eshop\/produkt\/akt-stojici-divky-dux\/","title":{"rendered":"Akt stoj\u00edc\u00ed d\u00edvky \/ Dux"},"content":{"rendered":"<p>Akt stoj\u00edc\u00ed d\u00edvky z 60. let minul\u00e9ho stolet\u00ed.<\/p>\n<p>Stav: perfektn\u00ed<br \/>\nZna\u010dka: Dux<br \/>\nRozm\u011br<br \/>\nV\u00fd\u0161ka: 26 cm<br \/>\n\u0160\u00ed\u0159ka: 7 cm<\/p>\n","protected":false},"excerpt":{"rendered":"<p>Akt stoj\u00edc\u00ed d\u00edvky z 60. let minul\u00e9ho stolet\u00ed. Stav: perfektn\u00ed Zna\u010dka: Dux Rozm\u011br V\u00fd\u0161ka: 26 cm \u0160\u00ed\u0159ka: 7 cm<\/p>\n","protected":false},"featured_media":15998,"template":"","meta":[],"product_brand":[153],"product_cat":[91],"product_tag":[],"class_list":{"0":"post-16183","1":"product","2":"type-product","3":"status-publish","4":"has-post-thumbnail","6":"product_brand-eterle-cz","7":"product_cat-prodane","9":"first","10":"outofstock","11":"purchasable","12":"product-type-simple"},"_links":{"self":[{"href":"https:\/\/eterle.cz\/eshop\/wp-json\/wp\/v2\/product\/16183","targetHints":{"allow":["GET"]}}],"collection":[{"href":"https:\/\/eterle.cz\/eshop\/wp-json\/wp\/v2\/product"}],"about":[{"href":"https:\/\/eterle.cz\/eshop\/wp-json\/wp\/v2\/types\/product"}],"version-history":[{"count":1,"href":"https:\/\/eterle.cz\/eshop\/wp-json\/wp\/v2\/product\/16183\/revisions"}],"predecessor-version":[{"id":26267,"href":"https:\/\/eterle.cz\/eshop\/wp-json\/wp\/v2\/product\/16183\/revisions\/26267"}],"wp:featuredmedia":[{"embeddable":true,"href":"https:\/\/eterle.cz\/eshop\/wp-json\/wp\/v2\/media\/15998"}],"wp:attachment":[{"href":"https:\/\/eterle.cz\/eshop\/wp-json\/wp\/v2\/media?parent=16183"}],"wp:term":[{"taxonomy":"product_brand","embeddable":true,"href":"https:\/\/eterle.cz\/eshop\/wp-json\/wp\/v2\/product_brand?post=16183"},{"taxonomy":"product_cat","embeddable":true,"href":"https:\/\/eterle.cz\/eshop\/wp-json\/wp\/v2\/product_cat?post=16183"},{"taxonomy":"product_tag","embeddable":true,"href":"https:\/\/eterle.cz\/eshop\/wp-json\/wp\/v2\/product_tag?post=16183"}],"curies":[{"name":"wp","href":"https:\/\/api.w.org\/{rel}","templated":true}]}}