{"id":16184,"date":"2023-10-26T02:26:21","date_gmt":"2023-10-26T00:26:21","guid":{"rendered":"https:\/\/eterle.cz\/eshop\/produkt\/sedici-divka-s-ptackem-dux\/"},"modified":"2025-02-16T02:50:38","modified_gmt":"2025-02-16T01:50:38","slug":"sedici-divka-s-ptackem-dux","status":"publish","type":"product","link":"https:\/\/eterle.cz\/eshop\/produkt\/sedici-divka-s-ptackem-dux\/","title":{"rendered":"Sed\u00edc\u00ed d\u00edvka s pt\u00e1\u010dkem \/ Dux"},"content":{"rendered":"<p>Akt sed\u00edc\u00ed d\u00edvky s pt\u00e1\u010dkem v b\u00edl\u00e9m proveden\u00ed z porcel\u00e1nky DUX.<\/p>\n<p>Stav: perfektn\u00ed<br \/>\nZna\u010dka: Dux<br \/>\nRozm\u011br<br \/>\nV\u00fd\u0161ka: 17 cm<br \/>\nHloubka: 11 cm<br \/>\n\u0160\u00ed\u0159ka: 12 cm<\/p>\n","protected":false},"excerpt":{"rendered":"<p>Akt sed\u00edc\u00ed d\u00edvky s pt\u00e1\u010dkem v b\u00edl\u00e9m proveden\u00ed z porcel\u00e1nky DUX. Stav: perfektn\u00ed Zna\u010dka: Dux Rozm\u011br V\u00fd\u0161ka: 17 cm Hloubka:<\/p>\n","protected":false},"featured_media":16003,"template":"","meta":[],"product_brand":[153],"product_cat":[91],"product_tag":[],"class_list":{"0":"post-16184","1":"product","2":"type-product","3":"status-publish","4":"has-post-thumbnail","6":"product_brand-eterle-cz","7":"product_cat-prodane","9":"first","10":"outofstock","11":"purchasable","12":"product-type-simple"},"_links":{"self":[{"href":"https:\/\/eterle.cz\/eshop\/wp-json\/wp\/v2\/product\/16184","targetHints":{"allow":["GET"]}}],"collection":[{"href":"https:\/\/eterle.cz\/eshop\/wp-json\/wp\/v2\/product"}],"about":[{"href":"https:\/\/eterle.cz\/eshop\/wp-json\/wp\/v2\/types\/product"}],"version-history":[{"count":0,"href":"https:\/\/eterle.cz\/eshop\/wp-json\/wp\/v2\/product\/16184\/revisions"}],"wp:featuredmedia":[{"embeddable":true,"href":"https:\/\/eterle.cz\/eshop\/wp-json\/wp\/v2\/media\/16003"}],"wp:attachment":[{"href":"https:\/\/eterle.cz\/eshop\/wp-json\/wp\/v2\/media?parent=16184"}],"wp:term":[{"taxonomy":"product_brand","embeddable":true,"href":"https:\/\/eterle.cz\/eshop\/wp-json\/wp\/v2\/product_brand?post=16184"},{"taxonomy":"product_cat","embeddable":true,"href":"https:\/\/eterle.cz\/eshop\/wp-json\/wp\/v2\/product_cat?post=16184"},{"taxonomy":"product_tag","embeddable":true,"href":"https:\/\/eterle.cz\/eshop\/wp-json\/wp\/v2\/product_tag?post=16184"}],"curies":[{"name":"wp","href":"https:\/\/api.w.org\/{rel}","templated":true}]}}