{"id":16185,"date":"2023-10-26T02:26:25","date_gmt":"2023-10-26T00:26:25","guid":{"rendered":"https:\/\/eterle.cz\/eshop\/produkt\/sedici-matka-s-ditetem-dux\/"},"modified":"2026-04-13T14:57:49","modified_gmt":"2026-04-13T12:57:49","slug":"sedici-matka-s-ditetem-dux","status":"publish","type":"product","link":"https:\/\/eterle.cz\/eshop\/produkt\/sedici-matka-s-ditetem-dux\/","title":{"rendered":"Sed\u00edc\u00ed matka s d\u00edt\u011btem \/ Dux"},"content":{"rendered":"<p>Akt sed\u00edc\u00ed matky s chlapcem v b\u00edl\u00e9m proveden\u00ed z porcel\u00e1nky Dux. Vhodn\u00e9 nejen jako d\u00e1rek ke Dni matek nebo k narozen\u00ed syna.<\/p>\n<p>Stav: perfektn\u00ed<br \/>\nZna\u010dka: Dux<br \/>\nRozm\u011br<br \/>\nV\u00fd\u0161ka: 18 cm<br \/>\nHloubka: 11 cm<br \/>\n\u0160\u00ed\u0159ka: 12 cm<\/p>\n","protected":false},"excerpt":{"rendered":"<p>Akt sed\u00edc\u00ed matky s chlapcem v b\u00edl\u00e9m proveden\u00ed z porcel\u00e1nky Dux. Vhodn\u00e9 nejen jako d\u00e1rek ke Dni matek nebo k<\/p>\n","protected":false},"featured_media":16009,"template":"","meta":[],"product_brand":[153],"product_cat":[91],"product_tag":[],"class_list":{"0":"post-16185","1":"product","2":"type-product","3":"status-publish","4":"has-post-thumbnail","6":"product_brand-eterle-cz","7":"product_cat-prodane","9":"first","10":"outofstock","11":"purchasable","12":"product-type-simple"},"_links":{"self":[{"href":"https:\/\/eterle.cz\/eshop\/wp-json\/wp\/v2\/product\/16185","targetHints":{"allow":["GET"]}}],"collection":[{"href":"https:\/\/eterle.cz\/eshop\/wp-json\/wp\/v2\/product"}],"about":[{"href":"https:\/\/eterle.cz\/eshop\/wp-json\/wp\/v2\/types\/product"}],"version-history":[{"count":1,"href":"https:\/\/eterle.cz\/eshop\/wp-json\/wp\/v2\/product\/16185\/revisions"}],"predecessor-version":[{"id":35492,"href":"https:\/\/eterle.cz\/eshop\/wp-json\/wp\/v2\/product\/16185\/revisions\/35492"}],"wp:featuredmedia":[{"embeddable":true,"href":"https:\/\/eterle.cz\/eshop\/wp-json\/wp\/v2\/media\/16009"}],"wp:attachment":[{"href":"https:\/\/eterle.cz\/eshop\/wp-json\/wp\/v2\/media?parent=16185"}],"wp:term":[{"taxonomy":"product_brand","embeddable":true,"href":"https:\/\/eterle.cz\/eshop\/wp-json\/wp\/v2\/product_brand?post=16185"},{"taxonomy":"product_cat","embeddable":true,"href":"https:\/\/eterle.cz\/eshop\/wp-json\/wp\/v2\/product_cat?post=16185"},{"taxonomy":"product_tag","embeddable":true,"href":"https:\/\/eterle.cz\/eshop\/wp-json\/wp\/v2\/product_tag?post=16185"}],"curies":[{"name":"wp","href":"https:\/\/api.w.org\/{rel}","templated":true}]}}