{"id":16186,"date":"2023-10-26T02:26:29","date_gmt":"2023-10-26T00:26:29","guid":{"rendered":"https:\/\/eterle.cz\/eshop\/produkt\/divka-s-mikadem-dux\/"},"modified":"2025-02-16T02:50:37","modified_gmt":"2025-02-16T01:50:37","slug":"divka-s-mikadem-dux","status":"publish","type":"product","link":"https:\/\/eterle.cz\/eshop\/produkt\/divka-s-mikadem-dux\/","title":{"rendered":"D\u00edvka s mik\u00e1dem \/ Dux"},"content":{"rendered":"<p>So\u0161ka n\u011b\u017en\u00e9 d\u00edvky s mik\u00e1dem v b\u00edl\u00e9m proveden\u00ed z porcel\u00e1nky Dux z minul\u00e9ho stolet\u00ed.<\/p>\n<p>Stav: dobr\u00fd, mal\u00e1 prasklina z v\u00fdroby u v\u011btve dot\u00fdkaj\u00edc\u00ed se ruky<br \/>\nZna\u010dka: Dux<br \/>\nRozm\u011br<br \/>\nV\u00fd\u0161ka: 34 cm<br \/>\n\u0160\u00ed\u0159ka: 11 cm<\/p>\n","protected":false},"excerpt":{"rendered":"<p>So\u0161ka n\u011b\u017en\u00e9 d\u00edvky s mik\u00e1dem v b\u00edl\u00e9m proveden\u00ed z porcel\u00e1nky Dux z minul\u00e9ho stolet\u00ed. Stav: dobr\u00fd, mal\u00e1 prasklina z v\u00fdroby<\/p>\n","protected":false},"featured_media":16015,"template":"","meta":[],"product_brand":[153],"product_cat":[91],"product_tag":[],"class_list":{"0":"post-16186","1":"product","2":"type-product","3":"status-publish","4":"has-post-thumbnail","6":"product_brand-eterle-cz","7":"product_cat-prodane","9":"first","10":"outofstock","11":"purchasable","12":"product-type-simple"},"_links":{"self":[{"href":"https:\/\/eterle.cz\/eshop\/wp-json\/wp\/v2\/product\/16186","targetHints":{"allow":["GET"]}}],"collection":[{"href":"https:\/\/eterle.cz\/eshop\/wp-json\/wp\/v2\/product"}],"about":[{"href":"https:\/\/eterle.cz\/eshop\/wp-json\/wp\/v2\/types\/product"}],"version-history":[{"count":0,"href":"https:\/\/eterle.cz\/eshop\/wp-json\/wp\/v2\/product\/16186\/revisions"}],"wp:featuredmedia":[{"embeddable":true,"href":"https:\/\/eterle.cz\/eshop\/wp-json\/wp\/v2\/media\/16015"}],"wp:attachment":[{"href":"https:\/\/eterle.cz\/eshop\/wp-json\/wp\/v2\/media?parent=16186"}],"wp:term":[{"taxonomy":"product_brand","embeddable":true,"href":"https:\/\/eterle.cz\/eshop\/wp-json\/wp\/v2\/product_brand?post=16186"},{"taxonomy":"product_cat","embeddable":true,"href":"https:\/\/eterle.cz\/eshop\/wp-json\/wp\/v2\/product_cat?post=16186"},{"taxonomy":"product_tag","embeddable":true,"href":"https:\/\/eterle.cz\/eshop\/wp-json\/wp\/v2\/product_tag?post=16186"}],"curies":[{"name":"wp","href":"https:\/\/api.w.org\/{rel}","templated":true}]}}