{"id":16187,"date":"2023-10-26T02:26:33","date_gmt":"2023-10-26T00:26:33","guid":{"rendered":"https:\/\/eterle.cz\/eshop\/produkt\/lyzarka-s-cepici-dux\/"},"modified":"2025-02-16T02:50:37","modified_gmt":"2025-02-16T01:50:37","slug":"lyzarka-s-cepici-dux","status":"publish","type":"product","link":"https:\/\/eterle.cz\/eshop\/produkt\/lyzarka-s-cepici-dux\/","title":{"rendered":"Ly\u017ea\u0159ka s \u010depic\u00ed \/ Dux"},"content":{"rendered":"<p>So\u0161ka ly\u017ea\u0159ky v b\u00edl\u00e9m proveden\u00ed z porcel\u00e1nky Dux z minul\u00e9ho stolet\u00ed.<\/p>\n<p>Stav: perfektn\u00ed<br \/>\nZna\u010dka: Dux<br \/>\nRozm\u011br<br \/>\nV\u00fd\u0161ka: 32 cm<br \/>\n\u0160\u00ed\u0159ka: 12 cm<\/p>\n","protected":false},"excerpt":{"rendered":"<p>So\u0161ka ly\u017ea\u0159ky v b\u00edl\u00e9m proveden\u00ed z porcel\u00e1nky Dux z minul\u00e9ho stolet\u00ed. Stav: perfektn\u00ed Zna\u010dka: Dux Rozm\u011br V\u00fd\u0161ka: 32 cm \u0160\u00ed\u0159ka:<\/p>\n","protected":false},"featured_media":16020,"template":"","meta":[],"product_brand":[153],"product_cat":[91],"product_tag":[],"class_list":{"0":"post-16187","1":"product","2":"type-product","3":"status-publish","4":"has-post-thumbnail","6":"product_brand-eterle-cz","7":"product_cat-prodane","9":"first","10":"outofstock","11":"purchasable","12":"product-type-simple"},"_links":{"self":[{"href":"https:\/\/eterle.cz\/eshop\/wp-json\/wp\/v2\/product\/16187","targetHints":{"allow":["GET"]}}],"collection":[{"href":"https:\/\/eterle.cz\/eshop\/wp-json\/wp\/v2\/product"}],"about":[{"href":"https:\/\/eterle.cz\/eshop\/wp-json\/wp\/v2\/types\/product"}],"version-history":[{"count":0,"href":"https:\/\/eterle.cz\/eshop\/wp-json\/wp\/v2\/product\/16187\/revisions"}],"wp:featuredmedia":[{"embeddable":true,"href":"https:\/\/eterle.cz\/eshop\/wp-json\/wp\/v2\/media\/16020"}],"wp:attachment":[{"href":"https:\/\/eterle.cz\/eshop\/wp-json\/wp\/v2\/media?parent=16187"}],"wp:term":[{"taxonomy":"product_brand","embeddable":true,"href":"https:\/\/eterle.cz\/eshop\/wp-json\/wp\/v2\/product_brand?post=16187"},{"taxonomy":"product_cat","embeddable":true,"href":"https:\/\/eterle.cz\/eshop\/wp-json\/wp\/v2\/product_cat?post=16187"},{"taxonomy":"product_tag","embeddable":true,"href":"https:\/\/eterle.cz\/eshop\/wp-json\/wp\/v2\/product_tag?post=16187"}],"curies":[{"name":"wp","href":"https:\/\/api.w.org\/{rel}","templated":true}]}}