{"id":16189,"date":"2023-10-26T02:26:40","date_gmt":"2023-10-26T00:26:40","guid":{"rendered":"https:\/\/eterle.cz\/eshop\/produkt\/akt-divky-anita-dux\/"},"modified":"2026-04-13T14:56:17","modified_gmt":"2026-04-13T12:56:17","slug":"akt-divky-anita-dux","status":"publish","type":"product","link":"https:\/\/eterle.cz\/eshop\/produkt\/akt-divky-anita-dux\/","title":{"rendered":"Akt d\u00edvky Anita \/ Dux"},"content":{"rendered":"<p>Akt sed\u00edc\u00ed d\u00edvky Anita v proveden\u00ed biscuit v kontrastu s glazurovan\u00fdmi a malovan\u00fdmi vlasy. Autorem n\u00e1vrhu je akademick\u00fd socha\u0159 V. Daniel pro porcel\u00e1nku Dux. V pades\u00e1t\u00fdch letech se v jeho tvorb\u011b vyskytuj\u00ed p\u0159edev\u0161\u00edm figurky sportovc\u016f. V \u0161edes\u00e1t\u00fdch letech dominovaly figurky \u017een.<\/p>\n<p>Stav: perfektn\u00ed<br \/>\nZna\u010dka: Dux<br \/>\nRozm\u011br<br \/>\nV\u00fd\u0161ka: 21 cm<br \/>\nD\u00e9lka: 34 cm<\/p>\n","protected":false},"excerpt":{"rendered":"<p>Akt sed\u00edc\u00ed d\u00edvky Anita v proveden\u00ed biscuit v kontrastu s glazurovan\u00fdmi a malovan\u00fdmi vlasy. Autorem n\u00e1vrhu je akademick\u00fd socha\u0159 V.<\/p>\n","protected":false},"featured_media":16030,"template":"","meta":[],"product_brand":[153],"product_cat":[91],"product_tag":[],"class_list":{"0":"post-16189","1":"product","2":"type-product","3":"status-publish","4":"has-post-thumbnail","6":"product_brand-eterle-cz","7":"product_cat-prodane","9":"first","10":"outofstock","11":"purchasable","12":"product-type-simple"},"_links":{"self":[{"href":"https:\/\/eterle.cz\/eshop\/wp-json\/wp\/v2\/product\/16189","targetHints":{"allow":["GET"]}}],"collection":[{"href":"https:\/\/eterle.cz\/eshop\/wp-json\/wp\/v2\/product"}],"about":[{"href":"https:\/\/eterle.cz\/eshop\/wp-json\/wp\/v2\/types\/product"}],"version-history":[{"count":1,"href":"https:\/\/eterle.cz\/eshop\/wp-json\/wp\/v2\/product\/16189\/revisions"}],"predecessor-version":[{"id":35491,"href":"https:\/\/eterle.cz\/eshop\/wp-json\/wp\/v2\/product\/16189\/revisions\/35491"}],"wp:featuredmedia":[{"embeddable":true,"href":"https:\/\/eterle.cz\/eshop\/wp-json\/wp\/v2\/media\/16030"}],"wp:attachment":[{"href":"https:\/\/eterle.cz\/eshop\/wp-json\/wp\/v2\/media?parent=16189"}],"wp:term":[{"taxonomy":"product_brand","embeddable":true,"href":"https:\/\/eterle.cz\/eshop\/wp-json\/wp\/v2\/product_brand?post=16189"},{"taxonomy":"product_cat","embeddable":true,"href":"https:\/\/eterle.cz\/eshop\/wp-json\/wp\/v2\/product_cat?post=16189"},{"taxonomy":"product_tag","embeddable":true,"href":"https:\/\/eterle.cz\/eshop\/wp-json\/wp\/v2\/product_tag?post=16189"}],"curies":[{"name":"wp","href":"https:\/\/api.w.org\/{rel}","templated":true}]}}