{"id":16194,"date":"2023-10-26T02:27:04","date_gmt":"2023-10-26T00:27:04","guid":{"rendered":"https:\/\/eterle.cz\/eshop\/produkt\/sada-6-sklenic-na-sampanske\/"},"modified":"2025-02-16T02:50:35","modified_gmt":"2025-02-16T01:50:35","slug":"sada-6-sklenic-na-sampanske","status":"publish","type":"product","link":"https:\/\/eterle.cz\/eshop\/produkt\/sada-6-sklenic-na-sampanske\/","title":{"rendered":"Sada 6 sklenic na \u0161ampa\u0148sk\u00e9"},"content":{"rendered":"<p>Sada kr\u00e1sn\u00fdch sklenic na \u0161ampa\u0148sk\u00e9 ve tvaru misek, ze kter\u00fdch se d\u00e1 postavit slavnostn\u00ed pyramida. Sklenice je ve stylu art deco a m\u00e1 vybrou\u0161en\u00e9 stylizovan\u00e9 hrozny. Budou kr\u00e1snou ozdobou jak\u00e9hokoliv slavnosnt\u00edho p\u0159\u00edpitku nebo ve\u010d\u00edrku.<\/p>\n<p>Stav: velmi dobr\u00fd<br \/>\nRozm\u011br<br \/>\nV\u00fd\u0161ka: 10 cm<br \/>\nObjem: 100 ml (po okraj)<\/p>\n","protected":false},"excerpt":{"rendered":"<p>Sada kr\u00e1sn\u00fdch sklenic na \u0161ampa\u0148sk\u00e9 ve tvaru misek, ze kter\u00fdch se d\u00e1 postavit slavnostn\u00ed pyramida. Sklenice je ve stylu art<\/p>\n","protected":false},"featured_media":16056,"template":"","meta":[],"product_brand":[153],"product_cat":[91],"product_tag":[],"class_list":{"0":"post-16194","1":"product","2":"type-product","3":"status-publish","4":"has-post-thumbnail","6":"product_brand-eterle-cz","7":"product_cat-prodane","9":"first","10":"outofstock","11":"purchasable","12":"product-type-simple"},"_links":{"self":[{"href":"https:\/\/eterle.cz\/eshop\/wp-json\/wp\/v2\/product\/16194","targetHints":{"allow":["GET"]}}],"collection":[{"href":"https:\/\/eterle.cz\/eshop\/wp-json\/wp\/v2\/product"}],"about":[{"href":"https:\/\/eterle.cz\/eshop\/wp-json\/wp\/v2\/types\/product"}],"version-history":[{"count":0,"href":"https:\/\/eterle.cz\/eshop\/wp-json\/wp\/v2\/product\/16194\/revisions"}],"wp:featuredmedia":[{"embeddable":true,"href":"https:\/\/eterle.cz\/eshop\/wp-json\/wp\/v2\/media\/16056"}],"wp:attachment":[{"href":"https:\/\/eterle.cz\/eshop\/wp-json\/wp\/v2\/media?parent=16194"}],"wp:term":[{"taxonomy":"product_brand","embeddable":true,"href":"https:\/\/eterle.cz\/eshop\/wp-json\/wp\/v2\/product_brand?post=16194"},{"taxonomy":"product_cat","embeddable":true,"href":"https:\/\/eterle.cz\/eshop\/wp-json\/wp\/v2\/product_cat?post=16194"},{"taxonomy":"product_tag","embeddable":true,"href":"https:\/\/eterle.cz\/eshop\/wp-json\/wp\/v2\/product_tag?post=16194"}],"curies":[{"name":"wp","href":"https:\/\/api.w.org\/{rel}","templated":true}]}}