{"id":16195,"date":"2023-10-26T02:27:08","date_gmt":"2023-10-26T00:27:08","guid":{"rendered":"https:\/\/eterle.cz\/eshop\/produkt\/kavova-sada-pro-4-moritz-zdekauer\/"},"modified":"2025-02-16T02:50:34","modified_gmt":"2025-02-16T01:50:34","slug":"kavova-sada-pro-4-moritz-zdekauer","status":"publish","type":"product","link":"https:\/\/eterle.cz\/eshop\/produkt\/kavova-sada-pro-4-moritz-zdekauer\/","title":{"rendered":"K\u00e1vov\u00e1 sada pro 4 \/ Moritz Zdekauer"},"content":{"rendered":"<p>K\u00e1vov\u00e1 sada v neobvykl\u00e9 barevn\u00e9 kombinaci v bruselsk\u00e9m stylu poch\u00e1z\u00ed z \u010desk\u00e9 porcel\u00e1nky Moritz Zdekauer ve Star\u00e9 Roli.<br \/>\nSada obsahuje: konvi\u010dku, cuk\u0159enku, 4 hrne\u010dky s pod\u0161\u00e1lkem<\/p>\n<p>Stav: dobr\u00fd, ale zna\u010deno jako nestandardn\u00ed jakost<br \/>\nZna\u010dka: Moritz Zdekauer<br \/>\nRozm\u011br<br \/>\nObjem konvice: 1 l<br \/>\nV\u00fd\u0161ka konvice: 19 cm<br \/>\nObjem hrne\u010dku: 75 ml<br \/>\nV\u00fd\u0161ka hrne\u010dku: 5,5 cm<br \/>\nV\u00fd\u0161ka cuk\u0159enky: 9 cm<br \/>\nObjem cuk\u0159enky: 250 ml<br \/>\nPr\u016fm\u011br pod\u0161\u00e1lku: 11 cm<\/p>\n","protected":false},"excerpt":{"rendered":"<p>K\u00e1vov\u00e1 sada v neobvykl\u00e9 barevn\u00e9 kombinaci v bruselsk\u00e9m stylu poch\u00e1z\u00ed z \u010desk\u00e9 porcel\u00e1nky Moritz Zdekauer ve Star\u00e9 Roli. Sada obsahuje:<\/p>\n","protected":false},"featured_media":16061,"template":"","meta":[],"product_brand":[153],"product_cat":[91],"product_tag":[],"class_list":{"0":"post-16195","1":"product","2":"type-product","3":"status-publish","4":"has-post-thumbnail","6":"product_brand-eterle-cz","7":"product_cat-prodane","9":"first","10":"outofstock","11":"purchasable","12":"product-type-simple"},"_links":{"self":[{"href":"https:\/\/eterle.cz\/eshop\/wp-json\/wp\/v2\/product\/16195","targetHints":{"allow":["GET"]}}],"collection":[{"href":"https:\/\/eterle.cz\/eshop\/wp-json\/wp\/v2\/product"}],"about":[{"href":"https:\/\/eterle.cz\/eshop\/wp-json\/wp\/v2\/types\/product"}],"version-history":[{"count":0,"href":"https:\/\/eterle.cz\/eshop\/wp-json\/wp\/v2\/product\/16195\/revisions"}],"wp:featuredmedia":[{"embeddable":true,"href":"https:\/\/eterle.cz\/eshop\/wp-json\/wp\/v2\/media\/16061"}],"wp:attachment":[{"href":"https:\/\/eterle.cz\/eshop\/wp-json\/wp\/v2\/media?parent=16195"}],"wp:term":[{"taxonomy":"product_brand","embeddable":true,"href":"https:\/\/eterle.cz\/eshop\/wp-json\/wp\/v2\/product_brand?post=16195"},{"taxonomy":"product_cat","embeddable":true,"href":"https:\/\/eterle.cz\/eshop\/wp-json\/wp\/v2\/product_cat?post=16195"},{"taxonomy":"product_tag","embeddable":true,"href":"https:\/\/eterle.cz\/eshop\/wp-json\/wp\/v2\/product_tag?post=16195"}],"curies":[{"name":"wp","href":"https:\/\/api.w.org\/{rel}","templated":true}]}}