{"id":16200,"date":"2023-10-26T02:27:33","date_gmt":"2023-10-26T00:27:33","guid":{"rendered":"https:\/\/eterle.cz\/eshop\/produkt\/sada-4-hrnecku-brusel\/"},"modified":"2025-02-16T02:50:33","modified_gmt":"2025-02-16T01:50:33","slug":"sada-4-hrnecku-brusel","status":"publish","type":"product","link":"https:\/\/eterle.cz\/eshop\/produkt\/sada-4-hrnecku-brusel\/","title":{"rendered":"Sada 4 hrne\u010dk\u016f Brusel"},"content":{"rendered":"<p>\u010cty\u0159i \u0161\u00e1lky s pod\u0161\u00e1lky v nyn\u00ed tolik \u017e\u00e1dan\u00e9m bruselsk\u00e9m stylu odvozen\u00e9m od fascinuj\u00edc\u00ed sv\u011btov\u00e9 v\u00fdstavy Expo 58 v Bruselu, na n\u00ed\u017e \u010deskoslovensk\u00e1 expozice zaz\u00e1\u0159ila. Lze jej ozna\u010dit jako m\u011bkk\u00fd modernismus, v n\u011bm\u017e se v\u00fdrazn\u011b uplat\u0148uje v\u00fdtvarno.Tyto \u0161\u00e1lky  reprezentuj\u00ed pro bruselsk\u00fd styl typick\u00e9 pastelov\u00e9 barvy. Hrne\u010dky poch\u00e1zej\u00ed z porcel\u00e1nky JSK Stru\u017en\u00e1, Kysibl (Giesh\u00fcebel), zalo\u017een\u00e9 roku 1803 a funguj\u00edc\u00ed dodnes.<\/p>\n<p>Stav: perfektn\u00ed<br \/>\nZna\u010dka: JSK, Czechoslovakia<br \/>\nRozm\u011br<br \/>\nObjem: 180 ml<br \/>\nPr\u016fm\u011br pod\u0161\u00e1lku: 13,5 cm<\/p>\n","protected":false},"excerpt":{"rendered":"<p>\u010cty\u0159i \u0161\u00e1lky s pod\u0161\u00e1lky v nyn\u00ed tolik \u017e\u00e1dan\u00e9m bruselsk\u00e9m stylu odvozen\u00e9m od fascinuj\u00edc\u00ed sv\u011btov\u00e9 v\u00fdstavy Expo 58 v Bruselu, na<\/p>\n","protected":false},"featured_media":16092,"template":"","meta":[],"product_brand":[153],"product_cat":[91],"product_tag":[],"class_list":{"0":"post-16200","1":"product","2":"type-product","3":"status-publish","4":"has-post-thumbnail","6":"product_brand-eterle-cz","7":"product_cat-prodane","9":"first","10":"outofstock","11":"purchasable","12":"product-type-simple"},"_links":{"self":[{"href":"https:\/\/eterle.cz\/eshop\/wp-json\/wp\/v2\/product\/16200","targetHints":{"allow":["GET"]}}],"collection":[{"href":"https:\/\/eterle.cz\/eshop\/wp-json\/wp\/v2\/product"}],"about":[{"href":"https:\/\/eterle.cz\/eshop\/wp-json\/wp\/v2\/types\/product"}],"version-history":[{"count":0,"href":"https:\/\/eterle.cz\/eshop\/wp-json\/wp\/v2\/product\/16200\/revisions"}],"wp:featuredmedia":[{"embeddable":true,"href":"https:\/\/eterle.cz\/eshop\/wp-json\/wp\/v2\/media\/16092"}],"wp:attachment":[{"href":"https:\/\/eterle.cz\/eshop\/wp-json\/wp\/v2\/media?parent=16200"}],"wp:term":[{"taxonomy":"product_brand","embeddable":true,"href":"https:\/\/eterle.cz\/eshop\/wp-json\/wp\/v2\/product_brand?post=16200"},{"taxonomy":"product_cat","embeddable":true,"href":"https:\/\/eterle.cz\/eshop\/wp-json\/wp\/v2\/product_cat?post=16200"},{"taxonomy":"product_tag","embeddable":true,"href":"https:\/\/eterle.cz\/eshop\/wp-json\/wp\/v2\/product_tag?post=16200"}],"curies":[{"name":"wp","href":"https:\/\/api.w.org\/{rel}","templated":true}]}}