{"id":16201,"date":"2023-10-26T02:27:37","date_gmt":"2023-10-26T00:27:37","guid":{"rendered":"https:\/\/eterle.cz\/eshop\/produkt\/mini-talirek-misticka-rosenthal\/"},"modified":"2025-02-16T02:50:32","modified_gmt":"2025-02-16T01:50:32","slug":"mini-talirek-misticka-rosenthal","status":"publish","type":"product","link":"https:\/\/eterle.cz\/eshop\/produkt\/mini-talirek-misticka-rosenthal\/","title":{"rendered":"Mini tal\u00ed\u0159ek\/ misti\u010dka Rosenthal"},"content":{"rendered":"<p>Mini tal\u00ed\u0159ek od n\u011bmeck\u00e9 porcel\u00e1nky Rosenthal z kolekce Maria. Tato kolekce vznikla jako pocta man\u017eelce Philippa Rosenthala. L\u00e1ska k jeho \u017een\u011b Marii byla natolik v\u00fdjime\u010dn\u00e1, \u017ee vytvo\u0159il porcel\u00e1nov\u00fd servis a pojmenoval ho po ni. Maria se stala nejprod\u00e1van\u011bj\u0161\u00ed kolekc\u00ed Rosenthal a st\u00e1le je jedna z nejv\u00fdznamn\u011bj\u0161\u00edch \u0159ad v dne\u0161n\u00edm sortimentu zna\u010dky.<\/p>\n<p>Stav: v\u00fdborn\u00fd, nepou\u017eit\u00fd<br \/>\nZna\u010dka: Rosenthal, kolekce Maria<br \/>\nRozm\u011br<br \/>\nPr\u016fm\u011br: 10,5 cm<\/p>\n","protected":false},"excerpt":{"rendered":"<p>Mini tal\u00ed\u0159ek od n\u011bmeck\u00e9 porcel\u00e1nky Rosenthal z kolekce Maria. Tato kolekce vznikla jako pocta man\u017eelce Philippa Rosenthala. L\u00e1ska k jeho<\/p>\n","protected":false},"featured_media":16098,"template":"","meta":[],"product_brand":[153],"product_cat":[91],"product_tag":[],"class_list":{"0":"post-16201","1":"product","2":"type-product","3":"status-publish","4":"has-post-thumbnail","6":"product_brand-eterle-cz","7":"product_cat-prodane","9":"first","10":"outofstock","11":"purchasable","12":"product-type-simple"},"_links":{"self":[{"href":"https:\/\/eterle.cz\/eshop\/wp-json\/wp\/v2\/product\/16201","targetHints":{"allow":["GET"]}}],"collection":[{"href":"https:\/\/eterle.cz\/eshop\/wp-json\/wp\/v2\/product"}],"about":[{"href":"https:\/\/eterle.cz\/eshop\/wp-json\/wp\/v2\/types\/product"}],"version-history":[{"count":0,"href":"https:\/\/eterle.cz\/eshop\/wp-json\/wp\/v2\/product\/16201\/revisions"}],"wp:featuredmedia":[{"embeddable":true,"href":"https:\/\/eterle.cz\/eshop\/wp-json\/wp\/v2\/media\/16098"}],"wp:attachment":[{"href":"https:\/\/eterle.cz\/eshop\/wp-json\/wp\/v2\/media?parent=16201"}],"wp:term":[{"taxonomy":"product_brand","embeddable":true,"href":"https:\/\/eterle.cz\/eshop\/wp-json\/wp\/v2\/product_brand?post=16201"},{"taxonomy":"product_cat","embeddable":true,"href":"https:\/\/eterle.cz\/eshop\/wp-json\/wp\/v2\/product_cat?post=16201"},{"taxonomy":"product_tag","embeddable":true,"href":"https:\/\/eterle.cz\/eshop\/wp-json\/wp\/v2\/product_tag?post=16201"}],"curies":[{"name":"wp","href":"https:\/\/api.w.org\/{rel}","templated":true}]}}