{"id":16205,"date":"2023-10-26T02:27:57","date_gmt":"2023-10-26T00:27:57","guid":{"rendered":"https:\/\/eterle.cz\/eshop\/produkt\/porcelanova-vaza-dux-2\/"},"modified":"2026-03-30T12:00:05","modified_gmt":"2026-03-30T10:00:05","slug":"porcelanova-vaza-dux-2","status":"publish","type":"product","link":"https:\/\/eterle.cz\/eshop\/produkt\/porcelanova-vaza-dux-2\/","title":{"rendered":"Porcel\u00e1nov\u00e1 v\u00e1za \/ Dux"},"content":{"rendered":"<p>Porcel\u00e1nov\u00e1 v\u00e1za od profesora Jaroslava Je\u017eka v tipick\u00e9m minimalistick\u00e9m proveden\u00ed. Zaj\u00edmav\u00e9 je dvoj\u00ed vy\u00fast\u011bn\u00ed, kter\u00e9 ji dod\u00e1v\u00e1 elegannt\u00ed a atypick\u00fd tvar.<\/p>\n<p>Stav: perfektn\u00ed<br \/>\nZna\u010dka: Dux<br \/>\nRozm\u011br<br \/>\nV\u00fd\u0161ka: 33 cm<br \/>\nRozm\u011br otvoru: na jednu kv\u011btinu<\/p>\n","protected":false},"excerpt":{"rendered":"<p>Porcel\u00e1nov\u00e1 v\u00e1za od profesora Jaroslava Je\u017eka v tipick\u00e9m minimalistick\u00e9m proveden\u00ed. Zaj\u00edmav\u00e9 je dvoj\u00ed vy\u00fast\u011bn\u00ed, kter\u00e9 ji dod\u00e1v\u00e1 elegannt\u00ed a atypick\u00fd<\/p>\n","protected":false},"featured_media":16116,"template":"","meta":[],"product_brand":[153],"product_cat":[94],"product_tag":[],"class_list":{"0":"post-16205","1":"product","2":"type-product","3":"status-publish","4":"has-post-thumbnail","6":"product_brand-eterle-cz","7":"product_cat-vazy","9":"first","10":"instock","11":"purchasable","12":"product-type-simple"},"_links":{"self":[{"href":"https:\/\/eterle.cz\/eshop\/wp-json\/wp\/v2\/product\/16205","targetHints":{"allow":["GET"]}}],"collection":[{"href":"https:\/\/eterle.cz\/eshop\/wp-json\/wp\/v2\/product"}],"about":[{"href":"https:\/\/eterle.cz\/eshop\/wp-json\/wp\/v2\/types\/product"}],"version-history":[{"count":2,"href":"https:\/\/eterle.cz\/eshop\/wp-json\/wp\/v2\/product\/16205\/revisions"}],"predecessor-version":[{"id":35488,"href":"https:\/\/eterle.cz\/eshop\/wp-json\/wp\/v2\/product\/16205\/revisions\/35488"}],"wp:featuredmedia":[{"embeddable":true,"href":"https:\/\/eterle.cz\/eshop\/wp-json\/wp\/v2\/media\/16116"}],"wp:attachment":[{"href":"https:\/\/eterle.cz\/eshop\/wp-json\/wp\/v2\/media?parent=16205"}],"wp:term":[{"taxonomy":"product_brand","embeddable":true,"href":"https:\/\/eterle.cz\/eshop\/wp-json\/wp\/v2\/product_brand?post=16205"},{"taxonomy":"product_cat","embeddable":true,"href":"https:\/\/eterle.cz\/eshop\/wp-json\/wp\/v2\/product_cat?post=16205"},{"taxonomy":"product_tag","embeddable":true,"href":"https:\/\/eterle.cz\/eshop\/wp-json\/wp\/v2\/product_tag?post=16205"}],"curies":[{"name":"wp","href":"https:\/\/api.w.org\/{rel}","templated":true}]}}