{"id":16214,"date":"2023-10-26T02:28:43","date_gmt":"2023-10-26T00:28:43","guid":{"rendered":"https:\/\/eterle.cz\/eshop\/produkt\/siroka-porcelanova-vaza-dux-2\/"},"modified":"2025-06-24T01:53:38","modified_gmt":"2025-06-23T23:53:38","slug":"siroka-porcelanova-vaza-dux-2","status":"publish","type":"product","link":"https:\/\/eterle.cz\/eshop\/produkt\/siroka-porcelanova-vaza-dux-2\/","title":{"rendered":"\u0160irok\u00e1 porcel\u00e1nov\u00e1 v\u00e1za \/ Dux"},"content":{"rendered":"<p>Zaj\u00edmav\u011b tvarovan\u00e1 v\u00e1za od prof. ak. soch. V\u00e1clav \u0160er\u00e1ka. Jeho produkty maj\u00ed dynamick\u00fd tvar a velkorys\u00e9 proporce, co\u017e je vid\u011bt i na t\u00e9to v\u00e1ze.<\/p>\n<p>\u0160er\u00e1k byl v\u00fdznamn\u00fd pedagog a mezin\u00e1rodn\u011b uzn\u00e1van\u00fd keramik. Sv\u00fdmi pracemi je zastoupen v 19 galeri\u00edch po cel\u00e9m sv\u011bt\u011b. Byl experiment\u00e1torem, kter\u00fd p\u0159ich\u00e1zel s \u0159adou inovac\u00ed.<\/p>\n<p>Stav: perfektn\u00ed<br \/>\nZna\u010dka: Dux, prof. V. \u0160er\u00e1k<br \/>\nRozm\u011br<br \/>\nV\u00fd\u0161ka: 25 cm<br \/>\nRozm\u011br otvoru: 13 x 8 cm<\/p>\n","protected":false},"excerpt":{"rendered":"<p>Zaj\u00edmav\u011b tvarovan\u00e1 v\u00e1za od prof. ak. soch. V\u00e1clav \u0160er\u00e1ka. Jeho produkty maj\u00ed dynamick\u00fd tvar a velkorys\u00e9 proporce, co\u017e je vid\u011bt<\/p>\n","protected":false},"featured_media":16162,"template":"","meta":[],"product_brand":[153],"product_cat":[94],"product_tag":[],"class_list":{"0":"post-16214","1":"product","2":"type-product","3":"status-publish","4":"has-post-thumbnail","6":"product_brand-eterle-cz","7":"product_cat-vazy","9":"first","10":"instock","11":"purchasable","12":"product-type-simple"},"_links":{"self":[{"href":"https:\/\/eterle.cz\/eshop\/wp-json\/wp\/v2\/product\/16214","targetHints":{"allow":["GET"]}}],"collection":[{"href":"https:\/\/eterle.cz\/eshop\/wp-json\/wp\/v2\/product"}],"about":[{"href":"https:\/\/eterle.cz\/eshop\/wp-json\/wp\/v2\/types\/product"}],"version-history":[{"count":1,"href":"https:\/\/eterle.cz\/eshop\/wp-json\/wp\/v2\/product\/16214\/revisions"}],"predecessor-version":[{"id":26260,"href":"https:\/\/eterle.cz\/eshop\/wp-json\/wp\/v2\/product\/16214\/revisions\/26260"}],"wp:featuredmedia":[{"embeddable":true,"href":"https:\/\/eterle.cz\/eshop\/wp-json\/wp\/v2\/media\/16162"}],"wp:attachment":[{"href":"https:\/\/eterle.cz\/eshop\/wp-json\/wp\/v2\/media?parent=16214"}],"wp:term":[{"taxonomy":"product_brand","embeddable":true,"href":"https:\/\/eterle.cz\/eshop\/wp-json\/wp\/v2\/product_brand?post=16214"},{"taxonomy":"product_cat","embeddable":true,"href":"https:\/\/eterle.cz\/eshop\/wp-json\/wp\/v2\/product_cat?post=16214"},{"taxonomy":"product_tag","embeddable":true,"href":"https:\/\/eterle.cz\/eshop\/wp-json\/wp\/v2\/product_tag?post=16214"}],"curies":[{"name":"wp","href":"https:\/\/api.w.org\/{rel}","templated":true}]}}