{"id":16482,"date":"2023-12-01T20:46:52","date_gmt":"2023-12-01T19:46:52","guid":{"rendered":"https:\/\/eterle.cz\/eshop\/produkt\/art-deco-konferencni-stul\/"},"modified":"2025-06-24T01:53:37","modified_gmt":"2025-06-23T23:53:37","slug":"art-deco-konferencni-stul","status":"publish","type":"product","link":"https:\/\/eterle.cz\/eshop\/produkt\/art-deco-konferencni-stul\/","title":{"rendered":"Art deco konferen\u010dn\u00ed st\u016fl"},"content":{"rendered":"<p>Kr\u00e1sn\u00fd konferen\u010dn\u00ed stolek z obdob\u00ed art deca, kter\u00e9 se objevilo poprv\u00e9 ve Francii na za\u010d\u00e1tku 20. stolet\u00ed. St\u016fl m\u00e1 zaj\u00edmav\u011b tvarovanou nohou a police, kter\u00e9 jsou vhodn\u00e9 na odlo\u017een\u00ed \u010dasopis\u016f nebo spole\u010densk\u00fdch her.<\/p>\n<p>Stav: velmi dobr\u00fd p\u016fvodn\u00ed stav<br \/>\nRozm\u011br<br \/>\nV\u00fd\u0161ka: 60 cm<br \/>\nPr\u016fm\u011br: 85 cm<\/p>\n","protected":false},"excerpt":{"rendered":"<p>Kr\u00e1sn\u00fd konferen\u010dn\u00ed stolek z obdob\u00ed art deca, kter\u00e9 se objevilo poprv\u00e9 ve Francii na za\u010d\u00e1tku 20. stolet\u00ed. St\u016fl m\u00e1 zaj\u00edmav\u011b<\/p>\n","protected":false},"featured_media":16483,"template":"","meta":[],"product_brand":[153],"product_cat":[130,124],"product_tag":[],"class_list":{"0":"post-16482","1":"product","2":"type-product","3":"status-publish","4":"has-post-thumbnail","6":"product_brand-eterle-cz","7":"product_cat-nabytek","8":"product_cat-stoly","9":"product_shipping_class-nadrozmerne","11":"first","12":"instock","13":"purchasable","14":"product-type-simple"},"_links":{"self":[{"href":"https:\/\/eterle.cz\/eshop\/wp-json\/wp\/v2\/product\/16482","targetHints":{"allow":["GET"]}}],"collection":[{"href":"https:\/\/eterle.cz\/eshop\/wp-json\/wp\/v2\/product"}],"about":[{"href":"https:\/\/eterle.cz\/eshop\/wp-json\/wp\/v2\/types\/product"}],"version-history":[{"count":1,"href":"https:\/\/eterle.cz\/eshop\/wp-json\/wp\/v2\/product\/16482\/revisions"}],"predecessor-version":[{"id":26257,"href":"https:\/\/eterle.cz\/eshop\/wp-json\/wp\/v2\/product\/16482\/revisions\/26257"}],"wp:featuredmedia":[{"embeddable":true,"href":"https:\/\/eterle.cz\/eshop\/wp-json\/wp\/v2\/media\/16483"}],"wp:attachment":[{"href":"https:\/\/eterle.cz\/eshop\/wp-json\/wp\/v2\/media?parent=16482"}],"wp:term":[{"taxonomy":"product_brand","embeddable":true,"href":"https:\/\/eterle.cz\/eshop\/wp-json\/wp\/v2\/product_brand?post=16482"},{"taxonomy":"product_cat","embeddable":true,"href":"https:\/\/eterle.cz\/eshop\/wp-json\/wp\/v2\/product_cat?post=16482"},{"taxonomy":"product_tag","embeddable":true,"href":"https:\/\/eterle.cz\/eshop\/wp-json\/wp\/v2\/product_tag?post=16482"}],"curies":[{"name":"wp","href":"https:\/\/api.w.org\/{rel}","templated":true}]}}