{"id":16487,"date":"2023-12-01T20:47:08","date_gmt":"2023-12-01T19:47:08","guid":{"rendered":"https:\/\/eterle.cz\/eshop\/produkt\/kreslo-thereca\/"},"modified":"2025-10-14T23:26:54","modified_gmt":"2025-10-14T21:26:54","slug":"kreslo-thereca","status":"publish","type":"product","link":"https:\/\/eterle.cz\/eshop\/produkt\/kreslo-thereca\/","title":{"rendered":"K\u0159eslo \/ Thereca"},"content":{"rendered":"<p>K\u0159eslo z 60.-70. let minul\u00e9ho stolet\u00ed poch\u00e1z\u00ed z Holandska od firmy Thereca. Autorem n\u00e1vrhu je pravd\u011bpodobn\u011b C. Denekamp. N\u00e1zev spole\u010dnosti Thereca je odvozen od anglick\u00e9ho THEatre (divadlo), REstaurant (restaurace) a CAfe (kav\u00e1rna) a je tradi\u010dn\u00ed rodinnou firmou, kter\u00e1 se rozrostla na tov\u00e1rnu na n\u00e1bytek pro zdravotnictv\u00ed a pozd\u011bji na v\u0161estrann\u00e9ho projektanta s vlastn\u00edm v\u00fdrobn\u00edm z\u00e1zem\u00edm. Po celou dobu si udr\u017euje r\u00e1z rodinn\u00e9 firmy, kter\u00e1 klade na prvn\u00ed m\u00edsto kvalitu.<\/p>\n<p>K\u0159eslo m\u00e1 r\u00e1m z brou\u0161en\u00e9 trubkov\u00e9 oceli, kter\u00fd je propojen d\u0159ev\u011bn\u00fdmi \u010d\u00e1stmi v tmav\u00e9 barv\u011b. Ostr\u00e9 jednoduch\u00e9 linie z n\u011bho d\u011blaj\u00ed velmi modern\u00ed kousek, kter\u00fd snese jak minimalistick\u00e9 \u010daloun\u011bn\u00ed v tlumen\u00fdch barv\u00e1ch tak i naopak velmi v\u00fdraznou l\u00e1tku v jasn\u00fdch t\u00f3nech.<\/p>\n<p>Stav: p\u016fvodn\u00ed zachoval\u00fd stav<br \/>\nRozm\u011br<br \/>\nV\u00fd\u0161ka: 79 cm<br \/>\n\u0160\u00ed\u0159ka: 65 cm<br \/>\nHloubka: 69 cm<\/p>\n","protected":false},"excerpt":{"rendered":"<p>K\u0159eslo z 60.-70. let minul\u00e9ho stolet\u00ed poch\u00e1z\u00ed z Holandska od firmy Thereca. Autorem n\u00e1vrhu je pravd\u011bpodobn\u011b C. Denekamp. N\u00e1zev spole\u010dnosti<\/p>\n","protected":false},"featured_media":16488,"template":"","meta":[],"product_brand":[153],"product_cat":[91],"product_tag":[],"class_list":{"0":"post-16487","1":"product","2":"type-product","3":"status-publish","4":"has-post-thumbnail","6":"product_brand-eterle-cz","7":"product_cat-prodane","8":"product_shipping_class-nadrozmerne","10":"first","11":"outofstock","12":"purchasable","13":"product-type-simple"},"_links":{"self":[{"href":"https:\/\/eterle.cz\/eshop\/wp-json\/wp\/v2\/product\/16487","targetHints":{"allow":["GET"]}}],"collection":[{"href":"https:\/\/eterle.cz\/eshop\/wp-json\/wp\/v2\/product"}],"about":[{"href":"https:\/\/eterle.cz\/eshop\/wp-json\/wp\/v2\/types\/product"}],"version-history":[{"count":1,"href":"https:\/\/eterle.cz\/eshop\/wp-json\/wp\/v2\/product\/16487\/revisions"}],"predecessor-version":[{"id":26256,"href":"https:\/\/eterle.cz\/eshop\/wp-json\/wp\/v2\/product\/16487\/revisions\/26256"}],"wp:featuredmedia":[{"embeddable":true,"href":"https:\/\/eterle.cz\/eshop\/wp-json\/wp\/v2\/media\/16488"}],"wp:attachment":[{"href":"https:\/\/eterle.cz\/eshop\/wp-json\/wp\/v2\/media?parent=16487"}],"wp:term":[{"taxonomy":"product_brand","embeddable":true,"href":"https:\/\/eterle.cz\/eshop\/wp-json\/wp\/v2\/product_brand?post=16487"},{"taxonomy":"product_cat","embeddable":true,"href":"https:\/\/eterle.cz\/eshop\/wp-json\/wp\/v2\/product_cat?post=16487"},{"taxonomy":"product_tag","embeddable":true,"href":"https:\/\/eterle.cz\/eshop\/wp-json\/wp\/v2\/product_tag?post=16487"}],"curies":[{"name":"wp","href":"https:\/\/api.w.org\/{rel}","templated":true}]}}