{"id":16504,"date":"2023-12-01T20:47:41","date_gmt":"2023-12-01T19:47:41","guid":{"rendered":"https:\/\/eterle.cz\/eshop\/produkt\/konferencni-stolek-6\/"},"modified":"2025-04-06T12:43:25","modified_gmt":"2025-04-06T10:43:25","slug":"konferencni-stolek-6","status":"publish","type":"product","link":"https:\/\/eterle.cz\/eshop\/produkt\/konferencni-stolek-6\/","title":{"rendered":"Konferen\u010dn\u00ed stolek"},"content":{"rendered":"<p>Ratanov\u00fd konferen\u010dn\u00ed stolek se sklen\u011bnou deskou je vhodn\u00fd do interi\u00e9ru pro milovn\u00edky boho stylu nebo na zahradu pro letn\u00ed posezen\u00ed.<\/p>\n<p>Stav: p\u016fvodn\u00ed stav, sklo v po\u0159\u00e1dku<br \/>\nRozm\u011br<br \/>\nV\u00fd\u0161ka: 53 cm<br \/>\nPr\u016fm\u011br: 66 cm<\/p>\n","protected":false},"excerpt":{"rendered":"<p>Ratanov\u00fd konferen\u010dn\u00ed stolek se sklen\u011bnou deskou je vhodn\u00fd do interi\u00e9ru pro milovn\u00edky boho stylu nebo na zahradu pro letn\u00ed posezen\u00ed.<\/p>\n","protected":false},"featured_media":16505,"template":"","meta":[],"product_brand":[153],"product_cat":[91],"product_tag":[],"class_list":{"0":"post-16504","1":"product","2":"type-product","3":"status-publish","4":"has-post-thumbnail","6":"product_brand-eterle-cz","7":"product_cat-prodane","8":"product_shipping_class-nadrozmerne","10":"first","11":"outofstock","12":"purchasable","13":"product-type-simple"},"_links":{"self":[{"href":"https:\/\/eterle.cz\/eshop\/wp-json\/wp\/v2\/product\/16504","targetHints":{"allow":["GET"]}}],"collection":[{"href":"https:\/\/eterle.cz\/eshop\/wp-json\/wp\/v2\/product"}],"about":[{"href":"https:\/\/eterle.cz\/eshop\/wp-json\/wp\/v2\/types\/product"}],"version-history":[{"count":0,"href":"https:\/\/eterle.cz\/eshop\/wp-json\/wp\/v2\/product\/16504\/revisions"}],"wp:featuredmedia":[{"embeddable":true,"href":"https:\/\/eterle.cz\/eshop\/wp-json\/wp\/v2\/media\/16505"}],"wp:attachment":[{"href":"https:\/\/eterle.cz\/eshop\/wp-json\/wp\/v2\/media?parent=16504"}],"wp:term":[{"taxonomy":"product_brand","embeddable":true,"href":"https:\/\/eterle.cz\/eshop\/wp-json\/wp\/v2\/product_brand?post=16504"},{"taxonomy":"product_cat","embeddable":true,"href":"https:\/\/eterle.cz\/eshop\/wp-json\/wp\/v2\/product_cat?post=16504"},{"taxonomy":"product_tag","embeddable":true,"href":"https:\/\/eterle.cz\/eshop\/wp-json\/wp\/v2\/product_tag?post=16504"}],"curies":[{"name":"wp","href":"https:\/\/api.w.org\/{rel}","templated":true}]}}