{"id":16510,"date":"2023-12-01T20:47:53","date_gmt":"2023-12-01T19:47:53","guid":{"rendered":"https:\/\/eterle.cz\/eshop\/produkt\/konferencni-stolek-halabala\/"},"modified":"2025-02-16T02:50:25","modified_gmt":"2025-02-16T01:50:25","slug":"konferencni-stolek-halabala","status":"publish","type":"product","link":"https:\/\/eterle.cz\/eshop\/produkt\/konferencni-stolek-halabala\/","title":{"rendered":"Konferen\u010dn\u00ed stolek \/ Halabala"},"content":{"rendered":"<p>Men\u0161\u00ed konferen\u010dn\u00ed stolek ve stylu Art deco.<\/p>\n<p>Stav: p\u016fvodn\u00ed zachoval\u00fd, drobn\u00e9 od\u011brky d\u00fdhy na nohou viz foto<br \/>\nRozm\u011br<br \/>\nV\u00fd\u0161ka: 55 cm<br \/>\nPr\u016fm\u011br: 64 cm<\/p>\n","protected":false},"excerpt":{"rendered":"<p>Men\u0161\u00ed konferen\u010dn\u00ed stolek ve stylu Art deco. Stav: p\u016fvodn\u00ed zachoval\u00fd, drobn\u00e9 od\u011brky d\u00fdhy na nohou viz foto Rozm\u011br V\u00fd\u0161ka: 55<\/p>\n","protected":false},"featured_media":16511,"template":"","meta":[],"product_brand":[153],"product_cat":[91],"product_tag":[],"class_list":{"0":"post-16510","1":"product","2":"type-product","3":"status-publish","4":"has-post-thumbnail","6":"product_brand-eterle-cz","7":"product_cat-prodane","8":"product_shipping_class-nadrozmerne","10":"first","11":"outofstock","12":"purchasable","13":"product-type-simple"},"_links":{"self":[{"href":"https:\/\/eterle.cz\/eshop\/wp-json\/wp\/v2\/product\/16510","targetHints":{"allow":["GET"]}}],"collection":[{"href":"https:\/\/eterle.cz\/eshop\/wp-json\/wp\/v2\/product"}],"about":[{"href":"https:\/\/eterle.cz\/eshop\/wp-json\/wp\/v2\/types\/product"}],"version-history":[{"count":0,"href":"https:\/\/eterle.cz\/eshop\/wp-json\/wp\/v2\/product\/16510\/revisions"}],"wp:featuredmedia":[{"embeddable":true,"href":"https:\/\/eterle.cz\/eshop\/wp-json\/wp\/v2\/media\/16511"}],"wp:attachment":[{"href":"https:\/\/eterle.cz\/eshop\/wp-json\/wp\/v2\/media?parent=16510"}],"wp:term":[{"taxonomy":"product_brand","embeddable":true,"href":"https:\/\/eterle.cz\/eshop\/wp-json\/wp\/v2\/product_brand?post=16510"},{"taxonomy":"product_cat","embeddable":true,"href":"https:\/\/eterle.cz\/eshop\/wp-json\/wp\/v2\/product_cat?post=16510"},{"taxonomy":"product_tag","embeddable":true,"href":"https:\/\/eterle.cz\/eshop\/wp-json\/wp\/v2\/product_tag?post=16510"}],"curies":[{"name":"wp","href":"https:\/\/api.w.org\/{rel}","templated":true}]}}