{"id":16521,"date":"2023-12-01T20:48:21","date_gmt":"2023-12-01T19:48:21","guid":{"rendered":"https:\/\/eterle.cz\/eshop\/produkt\/chromovy-gauc-villiam-chlebo\/"},"modified":"2025-02-16T02:50:25","modified_gmt":"2025-02-16T01:50:25","slug":"chromovy-gauc-villiam-chlebo","status":"publish","type":"product","link":"https:\/\/eterle.cz\/eshop\/produkt\/chromovy-gauc-villiam-chlebo\/","title":{"rendered":"Chromov\u00fd gau\u010d \/ Villiam Chlebo"},"content":{"rendered":"<p>Luxusn\u00ed sofa model T- 2403od slovensk\u00e9ho design\u00e9ra Villiama Chleba vyrobena v r. 1980 firmou Kodreta Myjava. Pohovka se vyr\u00e1b\u00ed nep\u0159etr\u017eit\u011b ji\u017e 39 let a neztratilo na designu ani kvalit\u011b. Pro n\u00e1s je to d\u016fkaz, \u017ee kvalitn\u00ed design net\u0159eba m\u011bnit. Potah ve sv\u011btle hn\u011bd\u00e9 barv\u011b je sn\u00edmateln\u00fd a je mo\u017eno jej pr\u00e1t. Ve stejn\u00e9m proveden\u00ed jsou k dipsozici i dv\u011b k\u0159esla.<\/p>\n<p>Stav: dobr\u00fd p\u016fvodn\u00ed, chrom v hezk\u00e9m stavu<br \/>\nRozm\u011br<br \/>\nV\u00fd\u0161ka: 70 cm<br \/>\n\u0160\u00ed\u0159ka: 143 cm<br \/>\nHloubka: 75 cm<\/p>\n","protected":false},"excerpt":{"rendered":"<p>Luxusn\u00ed sofa model T- 2403od slovensk\u00e9ho design\u00e9ra Villiama Chleba vyrobena v r. 1980 firmou Kodreta Myjava. Pohovka se vyr\u00e1b\u00ed nep\u0159etr\u017eit\u011b<\/p>\n","protected":false},"featured_media":16522,"template":"","meta":[],"product_brand":[153],"product_cat":[91],"product_tag":[],"class_list":{"0":"post-16521","1":"product","2":"type-product","3":"status-publish","4":"has-post-thumbnail","6":"product_brand-eterle-cz","7":"product_cat-prodane","8":"product_shipping_class-nadrozmerne","10":"first","11":"outofstock","12":"purchasable","13":"product-type-simple"},"_links":{"self":[{"href":"https:\/\/eterle.cz\/eshop\/wp-json\/wp\/v2\/product\/16521","targetHints":{"allow":["GET"]}}],"collection":[{"href":"https:\/\/eterle.cz\/eshop\/wp-json\/wp\/v2\/product"}],"about":[{"href":"https:\/\/eterle.cz\/eshop\/wp-json\/wp\/v2\/types\/product"}],"version-history":[{"count":0,"href":"https:\/\/eterle.cz\/eshop\/wp-json\/wp\/v2\/product\/16521\/revisions"}],"wp:featuredmedia":[{"embeddable":true,"href":"https:\/\/eterle.cz\/eshop\/wp-json\/wp\/v2\/media\/16522"}],"wp:attachment":[{"href":"https:\/\/eterle.cz\/eshop\/wp-json\/wp\/v2\/media?parent=16521"}],"wp:term":[{"taxonomy":"product_brand","embeddable":true,"href":"https:\/\/eterle.cz\/eshop\/wp-json\/wp\/v2\/product_brand?post=16521"},{"taxonomy":"product_cat","embeddable":true,"href":"https:\/\/eterle.cz\/eshop\/wp-json\/wp\/v2\/product_cat?post=16521"},{"taxonomy":"product_tag","embeddable":true,"href":"https:\/\/eterle.cz\/eshop\/wp-json\/wp\/v2\/product_tag?post=16521"}],"curies":[{"name":"wp","href":"https:\/\/api.w.org\/{rel}","templated":true}]}}