{"id":16539,"date":"2023-12-01T20:48:53","date_gmt":"2023-12-01T19:48:53","guid":{"rendered":"https:\/\/eterle.cz\/eshop\/produkt\/taburet-6\/"},"modified":"2025-06-24T01:53:36","modified_gmt":"2025-06-23T23:53:36","slug":"taburet-6","status":"publish","type":"product","link":"https:\/\/eterle.cz\/eshop\/produkt\/taburet-6\/","title":{"rendered":"Taburet"},"content":{"rendered":"<p>Taburet ze 70. let minul\u00e9ho stolet\u00ed ze \u0160v\u00fdcarska v proveden\u00ed chrom a k\u016f\u017ee s patinou. K dispozici m\u00e1me i oto\u010dn\u00e9 k\u0159eslo ve stejn\u00e9m proveden\u00ed.<\/p>\n<p>Stav: dobr\u00fd zachoval\u00fd, chrom v hezk\u00e9m stavu<br \/>\nRozm\u011br<br \/>\nV\u00fd\u0161ka: 43 cm<br \/>\n\u0160\u00ed\u0159ka: 52 cm<br \/>\nHloubka: 44 cm<\/p>\n","protected":false},"excerpt":{"rendered":"<p>Taburet ze 70. let minul\u00e9ho stolet\u00ed ze \u0160v\u00fdcarska v proveden\u00ed chrom a k\u016f\u017ee s patinou. K dispozici m\u00e1me i oto\u010dn\u00e9<\/p>\n","protected":false},"featured_media":16540,"template":"","meta":[],"product_brand":[153],"product_cat":[130,122],"product_tag":[],"class_list":{"0":"post-16539","1":"product","2":"type-product","3":"status-publish","4":"has-post-thumbnail","6":"product_brand-eterle-cz","7":"product_cat-nabytek","8":"product_cat-kresla-a-taburety","9":"product_shipping_class-nadrozmerne","11":"first","12":"instock","13":"purchasable","14":"product-type-simple"},"_links":{"self":[{"href":"https:\/\/eterle.cz\/eshop\/wp-json\/wp\/v2\/product\/16539","targetHints":{"allow":["GET"]}}],"collection":[{"href":"https:\/\/eterle.cz\/eshop\/wp-json\/wp\/v2\/product"}],"about":[{"href":"https:\/\/eterle.cz\/eshop\/wp-json\/wp\/v2\/types\/product"}],"version-history":[{"count":1,"href":"https:\/\/eterle.cz\/eshop\/wp-json\/wp\/v2\/product\/16539\/revisions"}],"predecessor-version":[{"id":26255,"href":"https:\/\/eterle.cz\/eshop\/wp-json\/wp\/v2\/product\/16539\/revisions\/26255"}],"wp:featuredmedia":[{"embeddable":true,"href":"https:\/\/eterle.cz\/eshop\/wp-json\/wp\/v2\/media\/16540"}],"wp:attachment":[{"href":"https:\/\/eterle.cz\/eshop\/wp-json\/wp\/v2\/media?parent=16539"}],"wp:term":[{"taxonomy":"product_brand","embeddable":true,"href":"https:\/\/eterle.cz\/eshop\/wp-json\/wp\/v2\/product_brand?post=16539"},{"taxonomy":"product_cat","embeddable":true,"href":"https:\/\/eterle.cz\/eshop\/wp-json\/wp\/v2\/product_cat?post=16539"},{"taxonomy":"product_tag","embeddable":true,"href":"https:\/\/eterle.cz\/eshop\/wp-json\/wp\/v2\/product_tag?post=16539"}],"curies":[{"name":"wp","href":"https:\/\/api.w.org\/{rel}","templated":true}]}}