{"id":16545,"date":"2023-12-01T20:49:07","date_gmt":"2023-12-01T19:49:07","guid":{"rendered":"https:\/\/eterle.cz\/eshop\/produkt\/otocne-kreslo\/"},"modified":"2025-06-24T01:53:36","modified_gmt":"2025-06-23T23:53:36","slug":"otocne-kreslo","status":"publish","type":"product","link":"https:\/\/eterle.cz\/eshop\/produkt\/otocne-kreslo\/","title":{"rendered":"Oto\u010dn\u00e9 k\u0159eslo"},"content":{"rendered":"<p>Oto\u010dn\u00e9 k\u0159eslo ze 70. let minul\u00e9ho stolet\u00ed ze \u0160v\u00fdcarska. K\u0159eslo je v proveden\u00ed chrom a k\u016f\u017ee. Ve\u0161ker\u00e9 mechanismy funguj\u00ed, je ot\u00e1\u010dec\u00ed, polohovac\u00ed a kdy\u017e se oto\u010d\u00ed p\u00e1ka dozadu, sed\u00e1k se kr\u00e1sn\u011b houpe. K dispozivi m\u00e1me i taburte ve stejn\u00e9m proveden\u00ed.<\/p>\n<p>Stav:dobr\u00fd zachoval\u00fd, k\u016f\u017ee s patinou<br \/>\nRozm\u011br<br \/>\nV\u00fd\u0161ka: 100 cm<br \/>\n\u0160\u00ed\u0159ka: 79 cm<br \/>\nHloubka: 80 cm<\/p>\n","protected":false},"excerpt":{"rendered":"<p>Oto\u010dn\u00e9 k\u0159eslo ze 70. let minul\u00e9ho stolet\u00ed ze \u0160v\u00fdcarska. K\u0159eslo je v proveden\u00ed chrom a k\u016f\u017ee. Ve\u0161ker\u00e9 mechanismy funguj\u00ed, je<\/p>\n","protected":false},"featured_media":16546,"template":"","meta":[],"product_brand":[153],"product_cat":[130,122],"product_tag":[],"class_list":{"0":"post-16545","1":"product","2":"type-product","3":"status-publish","4":"has-post-thumbnail","6":"product_brand-eterle-cz","7":"product_cat-nabytek","8":"product_cat-kresla-a-taburety","9":"product_shipping_class-nadrozmerne","11":"first","12":"instock","13":"purchasable","14":"product-type-simple"},"_links":{"self":[{"href":"https:\/\/eterle.cz\/eshop\/wp-json\/wp\/v2\/product\/16545","targetHints":{"allow":["GET"]}}],"collection":[{"href":"https:\/\/eterle.cz\/eshop\/wp-json\/wp\/v2\/product"}],"about":[{"href":"https:\/\/eterle.cz\/eshop\/wp-json\/wp\/v2\/types\/product"}],"version-history":[{"count":1,"href":"https:\/\/eterle.cz\/eshop\/wp-json\/wp\/v2\/product\/16545\/revisions"}],"predecessor-version":[{"id":26254,"href":"https:\/\/eterle.cz\/eshop\/wp-json\/wp\/v2\/product\/16545\/revisions\/26254"}],"wp:featuredmedia":[{"embeddable":true,"href":"https:\/\/eterle.cz\/eshop\/wp-json\/wp\/v2\/media\/16546"}],"wp:attachment":[{"href":"https:\/\/eterle.cz\/eshop\/wp-json\/wp\/v2\/media?parent=16545"}],"wp:term":[{"taxonomy":"product_brand","embeddable":true,"href":"https:\/\/eterle.cz\/eshop\/wp-json\/wp\/v2\/product_brand?post=16545"},{"taxonomy":"product_cat","embeddable":true,"href":"https:\/\/eterle.cz\/eshop\/wp-json\/wp\/v2\/product_cat?post=16545"},{"taxonomy":"product_tag","embeddable":true,"href":"https:\/\/eterle.cz\/eshop\/wp-json\/wp\/v2\/product_tag?post=16545"}],"curies":[{"name":"wp","href":"https:\/\/api.w.org\/{rel}","templated":true}]}}