{"id":16556,"date":"2023-12-01T20:49:32","date_gmt":"2023-12-01T19:49:32","guid":{"rendered":"https:\/\/eterle.cz\/eshop\/produkt\/otecne-kreslo\/"},"modified":"2025-04-15T22:33:51","modified_gmt":"2025-04-15T20:33:51","slug":"otecne-kreslo","status":"publish","type":"product","link":"https:\/\/eterle.cz\/eshop\/produkt\/otecne-kreslo\/","title":{"rendered":"Ote\u010dn\u00e9 k\u0159eslo"},"content":{"rendered":"<p>\u010caloun\u011bn\u00e9 oto\u010dn\u00e9 k\u0159eslo v kombinaci s obl\u00edben\u00fdmi chromov\u00fdmi trubkami. Pohodln\u00e9 a p\u0159itom designov\u011b zaj\u00edmav\u00e9 k\u0159eslo vhodn\u00e9 ke kancel\u00e1\u0159sk\u00e9mu stolu.<\/p>\n<p>Stav: zachoval\u00fd p\u016fvodn\u00ed stav<br \/>\nRozm\u011br<br \/>\nV\u00fd\u0161ka: 103 cm<br \/>\n\u0160\u00ed\u0159ka: 62 cm<br \/>\nHloubka: 69 cm<\/p>\n","protected":false},"excerpt":{"rendered":"<p>\u010caloun\u011bn\u00e9 oto\u010dn\u00e9 k\u0159eslo v kombinaci s obl\u00edben\u00fdmi chromov\u00fdmi trubkami. Pohodln\u00e9 a p\u0159itom designov\u011b zaj\u00edmav\u00e9 k\u0159eslo vhodn\u00e9 ke kancel\u00e1\u0159sk\u00e9mu stolu. Stav:<\/p>\n","protected":false},"featured_media":16557,"template":"","meta":[],"product_brand":[153],"product_cat":[91],"product_tag":[],"class_list":{"0":"post-16556","1":"product","2":"type-product","3":"status-publish","4":"has-post-thumbnail","6":"product_brand-eterle-cz","7":"product_cat-prodane","8":"product_shipping_class-nadrozmerne","10":"first","11":"outofstock","12":"purchasable","13":"product-type-simple"},"_links":{"self":[{"href":"https:\/\/eterle.cz\/eshop\/wp-json\/wp\/v2\/product\/16556","targetHints":{"allow":["GET"]}}],"collection":[{"href":"https:\/\/eterle.cz\/eshop\/wp-json\/wp\/v2\/product"}],"about":[{"href":"https:\/\/eterle.cz\/eshop\/wp-json\/wp\/v2\/types\/product"}],"version-history":[{"count":0,"href":"https:\/\/eterle.cz\/eshop\/wp-json\/wp\/v2\/product\/16556\/revisions"}],"wp:featuredmedia":[{"embeddable":true,"href":"https:\/\/eterle.cz\/eshop\/wp-json\/wp\/v2\/media\/16557"}],"wp:attachment":[{"href":"https:\/\/eterle.cz\/eshop\/wp-json\/wp\/v2\/media?parent=16556"}],"wp:term":[{"taxonomy":"product_brand","embeddable":true,"href":"https:\/\/eterle.cz\/eshop\/wp-json\/wp\/v2\/product_brand?post=16556"},{"taxonomy":"product_cat","embeddable":true,"href":"https:\/\/eterle.cz\/eshop\/wp-json\/wp\/v2\/product_cat?post=16556"},{"taxonomy":"product_tag","embeddable":true,"href":"https:\/\/eterle.cz\/eshop\/wp-json\/wp\/v2\/product_tag?post=16556"}],"curies":[{"name":"wp","href":"https:\/\/api.w.org\/{rel}","templated":true}]}}