{"id":16564,"date":"2023-12-01T20:49:50","date_gmt":"2023-12-01T19:49:50","guid":{"rendered":"https:\/\/eterle.cz\/eshop\/produkt\/usak\/"},"modified":"2025-06-24T01:53:36","modified_gmt":"2025-06-23T23:53:36","slug":"usak","status":"publish","type":"product","link":"https:\/\/eterle.cz\/eshop\/produkt\/usak\/","title":{"rendered":"U\u0161\u00e1k"},"content":{"rendered":"<p>K\u0159eslo tzv. u\u0161\u00e1k z druh\u00e9 poloviny minul\u00e9ho stolet\u00ed je vhodn\u00fdm spole\u010dn\u00edkem nejen na sychrav\u00e9 dny pro \u010dten\u00ed kn\u00ed\u017eek a pop\u00edjen\u00ed \u010derven\u00e9ho v\u00edna, ale i pro letn\u00ed meditaci.<\/p>\n<p>Stav: p\u016fvodn\u00ed zachoval\u00fd, u jedn\u00e9 podru\u010dky trochu popraskan\u00e9 \u010daloun\u011bn\u00ed zevnit\u0159<br \/>\nRozm\u011br<br \/>\nV\u00fd\u0161ka: 110 cm<br \/>\n\u0160\u00ed\u0159ka: 62 cm<br \/>\nHloubka: 84 cm<\/p>\n","protected":false},"excerpt":{"rendered":"<p>K\u0159eslo tzv. u\u0161\u00e1k z druh\u00e9 poloviny minul\u00e9ho stolet\u00ed je vhodn\u00fdm spole\u010dn\u00edkem nejen na sychrav\u00e9 dny pro \u010dten\u00ed kn\u00ed\u017eek a pop\u00edjen\u00ed<\/p>\n","protected":false},"featured_media":16565,"template":"","meta":[],"product_brand":[153],"product_cat":[130,122],"product_tag":[],"class_list":{"0":"post-16564","1":"product","2":"type-product","3":"status-publish","4":"has-post-thumbnail","6":"product_brand-eterle-cz","7":"product_cat-nabytek","8":"product_cat-kresla-a-taburety","9":"product_shipping_class-nadrozmerne","11":"first","12":"instock","13":"purchasable","14":"product-type-simple"},"_links":{"self":[{"href":"https:\/\/eterle.cz\/eshop\/wp-json\/wp\/v2\/product\/16564","targetHints":{"allow":["GET"]}}],"collection":[{"href":"https:\/\/eterle.cz\/eshop\/wp-json\/wp\/v2\/product"}],"about":[{"href":"https:\/\/eterle.cz\/eshop\/wp-json\/wp\/v2\/types\/product"}],"version-history":[{"count":1,"href":"https:\/\/eterle.cz\/eshop\/wp-json\/wp\/v2\/product\/16564\/revisions"}],"predecessor-version":[{"id":26253,"href":"https:\/\/eterle.cz\/eshop\/wp-json\/wp\/v2\/product\/16564\/revisions\/26253"}],"wp:featuredmedia":[{"embeddable":true,"href":"https:\/\/eterle.cz\/eshop\/wp-json\/wp\/v2\/media\/16565"}],"wp:attachment":[{"href":"https:\/\/eterle.cz\/eshop\/wp-json\/wp\/v2\/media?parent=16564"}],"wp:term":[{"taxonomy":"product_brand","embeddable":true,"href":"https:\/\/eterle.cz\/eshop\/wp-json\/wp\/v2\/product_brand?post=16564"},{"taxonomy":"product_cat","embeddable":true,"href":"https:\/\/eterle.cz\/eshop\/wp-json\/wp\/v2\/product_cat?post=16564"},{"taxonomy":"product_tag","embeddable":true,"href":"https:\/\/eterle.cz\/eshop\/wp-json\/wp\/v2\/product_tag?post=16564"}],"curies":[{"name":"wp","href":"https:\/\/api.w.org\/{rel}","templated":true}]}}