{"id":16581,"date":"2023-12-01T20:50:25","date_gmt":"2023-12-01T19:50:25","guid":{"rendered":"https:\/\/eterle.cz\/eshop\/produkt\/funkcionalisticky-sedak-slezak\/"},"modified":"2025-02-16T02:50:22","modified_gmt":"2025-02-16T01:50:22","slug":"funkcionalisticky-sedak-slezak","status":"publish","type":"product","link":"https:\/\/eterle.cz\/eshop\/produkt\/funkcionalisticky-sedak-slezak\/","title":{"rendered":"Funkcionalistick\u00fd sed\u00e1k \/ Slez\u00e1k"},"content":{"rendered":"<p>Funkcionalistick\u00fd sed\u00e1k typ S 9 od Roberta Slez\u00e1ka podle p\u016fvodn\u00edho n\u00e1vrhu M. Stama (licence Thonet).  <\/p>\n<p>Robert Slez\u00e1k zalo\u017eil z\u00e1me\u010dnickou a kovozpracuj\u00edc\u00ed d\u00edlnu v roce 1908 v Byst\u0159ici pod Host\u00fdnem, tzv. Slez\u00e1kovy z\u00e1vody. V roce 1911 ji roz\u0161\u00ed\u0159il o galvanizovnu a v roce 1913 za\u010dal vyr\u00e1b\u011bt mosazn\u00fd n\u00e1bytek. V roce 1931 z\u00edskal od firmy Thonet licenci na v\u00fdrobu p\u00e9ruj\u00edc\u00edho sedac\u00edho n\u00e1bytku z ocelov\u00fdch trubek. Ob\u011b firmy spolu navz\u00e1jem \u00fazce spolupracovaly. Thonet vyu\u017e\u00edval Slez\u00e1kovu galvanizovnu a jemu dod\u00e1val d\u0159ev\u011bn\u00e9 oh\u00fdban\u00e9 a lisovan\u00e9 d\u00edly.V roce 1948 do\u0161lo ke zn\u00e1rodn\u011bn\u00ed a firma byla za\u010dlen\u011bna do n\u00e1rodn\u00edho podniku Kovona.<\/p>\n<p>Stav: chrom ji\u017e sed\u0159en\u00fd, sed\u00e1k nat\u0159en na b\u00edlo<br \/>\nZna\u010dka: Robert Slez\u00e1k, Byst\u0159ice pod Host\u00fdnem<br \/>\nRozm\u011br<br \/>\nV\u00fd\u0161ka: 43 cm<br \/>\n\u0160\u00ed\u0159ka: 40,5 cm<br \/>\nHloubka: 46 cm<\/p>\n","protected":false},"excerpt":{"rendered":"<p>Funkcionalistick\u00fd sed\u00e1k typ S 9 od Roberta Slez\u00e1ka podle p\u016fvodn\u00edho n\u00e1vrhu M. Stama (licence Thonet). Robert Slez\u00e1k zalo\u017eil z\u00e1me\u010dnickou a<\/p>\n","protected":false},"featured_media":16582,"template":"","meta":[],"product_brand":[153],"product_cat":[91],"product_tag":[],"class_list":{"0":"post-16581","1":"product","2":"type-product","3":"status-publish","4":"has-post-thumbnail","6":"product_brand-eterle-cz","7":"product_cat-prodane","8":"product_shipping_class-nadrozmerne","10":"first","11":"outofstock","12":"purchasable","13":"product-type-simple"},"_links":{"self":[{"href":"https:\/\/eterle.cz\/eshop\/wp-json\/wp\/v2\/product\/16581","targetHints":{"allow":["GET"]}}],"collection":[{"href":"https:\/\/eterle.cz\/eshop\/wp-json\/wp\/v2\/product"}],"about":[{"href":"https:\/\/eterle.cz\/eshop\/wp-json\/wp\/v2\/types\/product"}],"version-history":[{"count":0,"href":"https:\/\/eterle.cz\/eshop\/wp-json\/wp\/v2\/product\/16581\/revisions"}],"wp:featuredmedia":[{"embeddable":true,"href":"https:\/\/eterle.cz\/eshop\/wp-json\/wp\/v2\/media\/16582"}],"wp:attachment":[{"href":"https:\/\/eterle.cz\/eshop\/wp-json\/wp\/v2\/media?parent=16581"}],"wp:term":[{"taxonomy":"product_brand","embeddable":true,"href":"https:\/\/eterle.cz\/eshop\/wp-json\/wp\/v2\/product_brand?post=16581"},{"taxonomy":"product_cat","embeddable":true,"href":"https:\/\/eterle.cz\/eshop\/wp-json\/wp\/v2\/product_cat?post=16581"},{"taxonomy":"product_tag","embeddable":true,"href":"https:\/\/eterle.cz\/eshop\/wp-json\/wp\/v2\/product_tag?post=16581"}],"curies":[{"name":"wp","href":"https:\/\/api.w.org\/{rel}","templated":true}]}}