{"id":16595,"date":"2023-12-01T20:50:57","date_gmt":"2023-12-01T19:50:57","guid":{"rendered":"https:\/\/eterle.cz\/eshop\/produkt\/toaletka-art-deco\/"},"modified":"2025-02-16T02:50:21","modified_gmt":"2025-02-16T01:50:21","slug":"toaletka-art-deco","status":"publish","type":"product","link":"https:\/\/eterle.cz\/eshop\/produkt\/toaletka-art-deco\/","title":{"rendered":"Toaletka Art deco"},"content":{"rendered":"<p>Kr\u00e1sn\u00e1 toaletka z obdob\u00ed Art deca s mnoha \u0161upl\u00ed\u010dky a v\u00fdsuvnou plochou na odkl\u00e1d\u00e1n\u00ed dal\u0161\u00edch nezbytnost\u00ed. Horn\u00ed deska je chr\u00e1n\u011bna sklem. Jedn\u00e1 se o n\u00e1dhern\u00fd kousek, ke kter\u00e9mu nne\u00ed t\u0159eba v\u00edce dod\u00e1vat, fotografie mluv\u00ed sama za sebe. Ve stejn\u00e9m proveden\u00ed m\u00e1me k dipozici je\u0161t\u011b no\u010dn\u00ed stolek.<\/p>\n<p>Stav: hezk\u00fd p\u016fvodn\u00ed stav, na horn\u00ed desky pod sklem flek od vody<br \/>\nRozm\u011br<br \/>\nV\u00fd\u0161ka cel\u00e1: 170 cm<br \/>\n\u0160\u00ed\u0159ka: 115 cm<br \/>\nHloubka: 56 cm<br \/>\nV\u00fd\u0161ka stolku k desce: 69 cm<br \/>\nZrcadlo \u0161\u00ed\u0159ka: 46 cm (prost\u0159edn\u00ed), 23,5 (bo\u010dn\u00ed)<br \/>\nZrcadlo v\u00fd\u0161ka: 94 cm<\/p>\n","protected":false},"excerpt":{"rendered":"<p>Kr\u00e1sn\u00e1 toaletka z obdob\u00ed Art deca s mnoha \u0161upl\u00ed\u010dky a v\u00fdsuvnou plochou na odkl\u00e1d\u00e1n\u00ed dal\u0161\u00edch nezbytnost\u00ed. Horn\u00ed deska je chr\u00e1n\u011bna<\/p>\n","protected":false},"featured_media":16596,"template":"","meta":[],"product_brand":[153],"product_cat":[91],"product_tag":[],"class_list":{"0":"post-16595","1":"product","2":"type-product","3":"status-publish","4":"has-post-thumbnail","6":"product_brand-eterle-cz","7":"product_cat-prodane","8":"product_shipping_class-nadrozmerne","10":"first","11":"outofstock","12":"purchasable","13":"product-type-simple"},"_links":{"self":[{"href":"https:\/\/eterle.cz\/eshop\/wp-json\/wp\/v2\/product\/16595","targetHints":{"allow":["GET"]}}],"collection":[{"href":"https:\/\/eterle.cz\/eshop\/wp-json\/wp\/v2\/product"}],"about":[{"href":"https:\/\/eterle.cz\/eshop\/wp-json\/wp\/v2\/types\/product"}],"version-history":[{"count":0,"href":"https:\/\/eterle.cz\/eshop\/wp-json\/wp\/v2\/product\/16595\/revisions"}],"wp:featuredmedia":[{"embeddable":true,"href":"https:\/\/eterle.cz\/eshop\/wp-json\/wp\/v2\/media\/16596"}],"wp:attachment":[{"href":"https:\/\/eterle.cz\/eshop\/wp-json\/wp\/v2\/media?parent=16595"}],"wp:term":[{"taxonomy":"product_brand","embeddable":true,"href":"https:\/\/eterle.cz\/eshop\/wp-json\/wp\/v2\/product_brand?post=16595"},{"taxonomy":"product_cat","embeddable":true,"href":"https:\/\/eterle.cz\/eshop\/wp-json\/wp\/v2\/product_cat?post=16595"},{"taxonomy":"product_tag","embeddable":true,"href":"https:\/\/eterle.cz\/eshop\/wp-json\/wp\/v2\/product_tag?post=16595"}],"curies":[{"name":"wp","href":"https:\/\/api.w.org\/{rel}","templated":true}]}}