{"id":16610,"date":"2023-12-01T20:51:25","date_gmt":"2023-12-01T19:51:25","guid":{"rendered":"https:\/\/eterle.cz\/eshop\/produkt\/nocni-stolek-art-deco\/"},"modified":"2025-02-16T02:50:21","modified_gmt":"2025-02-16T01:50:21","slug":"nocni-stolek-art-deco","status":"publish","type":"product","link":"https:\/\/eterle.cz\/eshop\/produkt\/nocni-stolek-art-deco\/","title":{"rendered":"No\u010dn\u00ed stolek Art deco"},"content":{"rendered":"<p>Kr\u00e1sn\u00fd no\u010dn\u00ed stolek ve stylu Art deco s v\u00fdsuvnou plochou a sklem na horn\u00ed desce. Ve stejn\u00e9m proveden\u00ed m\u00e1me k dispozici i toaletku.<\/p>\n<p>Stav: p\u016fvodn\u00ed zachoval\u00fd<br \/>\nRozm\u011br<br \/>\nV\u00fd\u0161ka: 59,5 cm<br \/>\n\u0160\u00ed\u0159ka: 48 cm<br \/>\nHloubka: 39 cm<\/p>\n","protected":false},"excerpt":{"rendered":"<p>Kr\u00e1sn\u00fd no\u010dn\u00ed stolek ve stylu Art deco s v\u00fdsuvnou plochou a sklem na horn\u00ed desce. Ve stejn\u00e9m proveden\u00ed m\u00e1me k<\/p>\n","protected":false},"featured_media":16611,"template":"","meta":[],"product_brand":[153],"product_cat":[91],"product_tag":[],"class_list":{"0":"post-16610","1":"product","2":"type-product","3":"status-publish","4":"has-post-thumbnail","6":"product_brand-eterle-cz","7":"product_cat-prodane","8":"product_shipping_class-nadrozmerne","10":"first","11":"outofstock","12":"purchasable","13":"product-type-simple"},"_links":{"self":[{"href":"https:\/\/eterle.cz\/eshop\/wp-json\/wp\/v2\/product\/16610","targetHints":{"allow":["GET"]}}],"collection":[{"href":"https:\/\/eterle.cz\/eshop\/wp-json\/wp\/v2\/product"}],"about":[{"href":"https:\/\/eterle.cz\/eshop\/wp-json\/wp\/v2\/types\/product"}],"version-history":[{"count":0,"href":"https:\/\/eterle.cz\/eshop\/wp-json\/wp\/v2\/product\/16610\/revisions"}],"wp:featuredmedia":[{"embeddable":true,"href":"https:\/\/eterle.cz\/eshop\/wp-json\/wp\/v2\/media\/16611"}],"wp:attachment":[{"href":"https:\/\/eterle.cz\/eshop\/wp-json\/wp\/v2\/media?parent=16610"}],"wp:term":[{"taxonomy":"product_brand","embeddable":true,"href":"https:\/\/eterle.cz\/eshop\/wp-json\/wp\/v2\/product_brand?post=16610"},{"taxonomy":"product_cat","embeddable":true,"href":"https:\/\/eterle.cz\/eshop\/wp-json\/wp\/v2\/product_cat?post=16610"},{"taxonomy":"product_tag","embeddable":true,"href":"https:\/\/eterle.cz\/eshop\/wp-json\/wp\/v2\/product_tag?post=16610"}],"curies":[{"name":"wp","href":"https:\/\/api.w.org\/{rel}","templated":true}]}}