{"id":16618,"date":"2023-12-01T20:51:46","date_gmt":"2023-12-01T19:51:46","guid":{"rendered":"https:\/\/eterle.cz\/eshop\/produkt\/komoda-2\/"},"modified":"2025-02-16T02:50:21","modified_gmt":"2025-02-16T01:50:21","slug":"komoda-2","status":"publish","type":"product","link":"https:\/\/eterle.cz\/eshop\/produkt\/komoda-2\/","title":{"rendered":"Komoda"},"content":{"rendered":"<p>Komoda z 60. let minul\u00e9ho stolet\u00ed (1966) od v\u00fdrobce D\u0159evozpracuj\u00edc\u00ed podnik. Komoda m\u00e1 praktick\u00e9 rozd\u011blen\u00ed na \u0161upl\u00edkovou \u010d\u00e1st (5 \u0161upl\u00edk\u016f) a sk\u0159\u00ed\u0148ku s polic\u00ed.<\/p>\n<p>Stav: p\u016fvodn\u00ed zachoval\u00fd s patinou, drobn\u00e9 nedostatky vyfoceny<br \/>\nRozm\u011br<br \/>\nV\u00fd\u0161ka: 75 cm<br \/>\nHloubka: 50 cm<br \/>\n\u0160\u00ed\u0159ka: 100 cm<\/p>\n","protected":false},"excerpt":{"rendered":"<p>Komoda z 60. let minul\u00e9ho stolet\u00ed (1966) od v\u00fdrobce D\u0159evozpracuj\u00edc\u00ed podnik. Komoda m\u00e1 praktick\u00e9 rozd\u011blen\u00ed na \u0161upl\u00edkovou \u010d\u00e1st (5 \u0161upl\u00edk\u016f)<\/p>\n","protected":false},"featured_media":16619,"template":"","meta":[],"product_brand":[153],"product_cat":[91],"product_tag":[],"class_list":{"0":"post-16618","1":"product","2":"type-product","3":"status-publish","4":"has-post-thumbnail","6":"product_brand-eterle-cz","7":"product_cat-prodane","8":"product_shipping_class-nadrozmerne","10":"first","11":"outofstock","12":"purchasable","13":"product-type-simple"},"_links":{"self":[{"href":"https:\/\/eterle.cz\/eshop\/wp-json\/wp\/v2\/product\/16618","targetHints":{"allow":["GET"]}}],"collection":[{"href":"https:\/\/eterle.cz\/eshop\/wp-json\/wp\/v2\/product"}],"about":[{"href":"https:\/\/eterle.cz\/eshop\/wp-json\/wp\/v2\/types\/product"}],"version-history":[{"count":0,"href":"https:\/\/eterle.cz\/eshop\/wp-json\/wp\/v2\/product\/16618\/revisions"}],"wp:featuredmedia":[{"embeddable":true,"href":"https:\/\/eterle.cz\/eshop\/wp-json\/wp\/v2\/media\/16619"}],"wp:attachment":[{"href":"https:\/\/eterle.cz\/eshop\/wp-json\/wp\/v2\/media?parent=16618"}],"wp:term":[{"taxonomy":"product_brand","embeddable":true,"href":"https:\/\/eterle.cz\/eshop\/wp-json\/wp\/v2\/product_brand?post=16618"},{"taxonomy":"product_cat","embeddable":true,"href":"https:\/\/eterle.cz\/eshop\/wp-json\/wp\/v2\/product_cat?post=16618"},{"taxonomy":"product_tag","embeddable":true,"href":"https:\/\/eterle.cz\/eshop\/wp-json\/wp\/v2\/product_tag?post=16618"}],"curies":[{"name":"wp","href":"https:\/\/api.w.org\/{rel}","templated":true}]}}