{"id":16635,"date":"2023-12-01T20:52:13","date_gmt":"2023-12-01T19:52:13","guid":{"rendered":"https:\/\/eterle.cz\/eshop\/produkt\/kvetinovy-stolek-2\/"},"modified":"2025-06-24T01:53:36","modified_gmt":"2025-06-23T23:53:36","slug":"kvetinovy-stolek-2","status":"publish","type":"product","link":"https:\/\/eterle.cz\/eshop\/produkt\/kvetinovy-stolek-2\/","title":{"rendered":"Kv\u011btinov\u00fd stolek"},"content":{"rendered":"<p>Funkcionalistick\u00fd stojan na kytky na 5 kv\u011btin\u00e1\u010d\u016f. Kombinace chromu a bakelitov\u00fdch podmisek v\u00e1m vy\u0159e\u0161\u00ed ot\u00e1zku kam s va\u0161imi obl\u00edben\u00fdmi kv\u011btinami.<\/p>\n<p>Stav: chrom v dobr\u00e9m stavu s m\u00edrnou zn\u00e1mkou patiny, podmisky v po\u0159\u00e1dku<br \/>\nRozm\u011bry<br \/>\nV\u00fd\u0161ka: 89 cm<br \/>\nHloubka: 53 cm<br \/>\n\u0160\u00ed\u0159ka: 57 cm<\/p>\n","protected":false},"excerpt":{"rendered":"<p>Funkcionalistick\u00fd stojan na kytky na 5 kv\u011btin\u00e1\u010d\u016f. Kombinace chromu a bakelitov\u00fdch podmisek v\u00e1m vy\u0159e\u0161\u00ed ot\u00e1zku kam s va\u0161imi obl\u00edben\u00fdmi kv\u011btinami.<\/p>\n","protected":false},"featured_media":16636,"template":"","meta":[],"product_brand":[153],"product_cat":[130,124],"product_tag":[],"class_list":{"0":"post-16635","1":"product","2":"type-product","3":"status-publish","4":"has-post-thumbnail","6":"product_brand-eterle-cz","7":"product_cat-nabytek","8":"product_cat-stoly","9":"product_shipping_class-nadrozmerne","11":"first","12":"instock","13":"purchasable","14":"product-type-simple"},"_links":{"self":[{"href":"https:\/\/eterle.cz\/eshop\/wp-json\/wp\/v2\/product\/16635","targetHints":{"allow":["GET"]}}],"collection":[{"href":"https:\/\/eterle.cz\/eshop\/wp-json\/wp\/v2\/product"}],"about":[{"href":"https:\/\/eterle.cz\/eshop\/wp-json\/wp\/v2\/types\/product"}],"version-history":[{"count":1,"href":"https:\/\/eterle.cz\/eshop\/wp-json\/wp\/v2\/product\/16635\/revisions"}],"predecessor-version":[{"id":26252,"href":"https:\/\/eterle.cz\/eshop\/wp-json\/wp\/v2\/product\/16635\/revisions\/26252"}],"wp:featuredmedia":[{"embeddable":true,"href":"https:\/\/eterle.cz\/eshop\/wp-json\/wp\/v2\/media\/16636"}],"wp:attachment":[{"href":"https:\/\/eterle.cz\/eshop\/wp-json\/wp\/v2\/media?parent=16635"}],"wp:term":[{"taxonomy":"product_brand","embeddable":true,"href":"https:\/\/eterle.cz\/eshop\/wp-json\/wp\/v2\/product_brand?post=16635"},{"taxonomy":"product_cat","embeddable":true,"href":"https:\/\/eterle.cz\/eshop\/wp-json\/wp\/v2\/product_cat?post=16635"},{"taxonomy":"product_tag","embeddable":true,"href":"https:\/\/eterle.cz\/eshop\/wp-json\/wp\/v2\/product_tag?post=16635"}],"curies":[{"name":"wp","href":"https:\/\/api.w.org\/{rel}","templated":true}]}}