{"id":16644,"date":"2023-12-01T20:52:30","date_gmt":"2023-12-01T19:52:30","guid":{"rendered":"https:\/\/eterle.cz\/eshop\/produkt\/stojaci-lampa-2\/"},"modified":"2025-02-16T02:50:20","modified_gmt":"2025-02-16T01:50:20","slug":"stojaci-lampa-2","status":"publish","type":"product","link":"https:\/\/eterle.cz\/eshop\/produkt\/stojaci-lampa-2\/","title":{"rendered":"Stojac\u00ed lampa"},"content":{"rendered":"<p>Zaj\u00edmav\u00e1 stojac\u00ed lampa, kter\u00e1 d\u00edky ratanu p\u016fsob\u00ed h\u0159ejiv\u00fdm \u00fatuln\u00fdm dojmem.<\/p>\n<p>Stav: dobr\u00fd, funk\u010dn\u00ed, el. p\u016fvodn\u00ed<br \/>\nRozm\u011br<br \/>\nV\u00fd\u0161ka: 82 cm<br \/>\nPr\u016fm\u011br: 21 cm<\/p>\n","protected":false},"excerpt":{"rendered":"<p>Zaj\u00edmav\u00e1 stojac\u00ed lampa, kter\u00e1 d\u00edky ratanu p\u016fsob\u00ed h\u0159ejiv\u00fdm \u00fatuln\u00fdm dojmem. Stav: dobr\u00fd, funk\u010dn\u00ed, el. p\u016fvodn\u00ed Rozm\u011br V\u00fd\u0161ka: 82 cm Pr\u016fm\u011br:<\/p>\n","protected":false},"featured_media":16645,"template":"","meta":[],"product_brand":[153],"product_cat":[91],"product_tag":[],"class_list":{"0":"post-16644","1":"product","2":"type-product","3":"status-publish","4":"has-post-thumbnail","6":"product_brand-eterle-cz","7":"product_cat-prodane","8":"product_shipping_class-nadrozmerne","10":"first","11":"outofstock","12":"purchasable","13":"product-type-simple"},"_links":{"self":[{"href":"https:\/\/eterle.cz\/eshop\/wp-json\/wp\/v2\/product\/16644","targetHints":{"allow":["GET"]}}],"collection":[{"href":"https:\/\/eterle.cz\/eshop\/wp-json\/wp\/v2\/product"}],"about":[{"href":"https:\/\/eterle.cz\/eshop\/wp-json\/wp\/v2\/types\/product"}],"version-history":[{"count":0,"href":"https:\/\/eterle.cz\/eshop\/wp-json\/wp\/v2\/product\/16644\/revisions"}],"wp:featuredmedia":[{"embeddable":true,"href":"https:\/\/eterle.cz\/eshop\/wp-json\/wp\/v2\/media\/16645"}],"wp:attachment":[{"href":"https:\/\/eterle.cz\/eshop\/wp-json\/wp\/v2\/media?parent=16644"}],"wp:term":[{"taxonomy":"product_brand","embeddable":true,"href":"https:\/\/eterle.cz\/eshop\/wp-json\/wp\/v2\/product_brand?post=16644"},{"taxonomy":"product_cat","embeddable":true,"href":"https:\/\/eterle.cz\/eshop\/wp-json\/wp\/v2\/product_cat?post=16644"},{"taxonomy":"product_tag","embeddable":true,"href":"https:\/\/eterle.cz\/eshop\/wp-json\/wp\/v2\/product_tag?post=16644"}],"curies":[{"name":"wp","href":"https:\/\/api.w.org\/{rel}","templated":true}]}}