{"id":16649,"date":"2023-12-01T20:52:41","date_gmt":"2023-12-01T19:52:41","guid":{"rendered":"https:\/\/eterle.cz\/eshop\/produkt\/stojaci-lampa-napako\/"},"modified":"2025-06-24T01:53:35","modified_gmt":"2025-06-23T23:53:35","slug":"stojaci-lampa-napako","status":"publish","type":"product","link":"https:\/\/eterle.cz\/eshop\/produkt\/stojaci-lampa-napako\/","title":{"rendered":"Stojac\u00ed lampa \/ Napako"},"content":{"rendered":"<p>Kovov\u00e1 stojac\u00ed lampa typ 1716 dle n\u00e1vrhu design\u00e9ra Josefa H\u016frky pro Napako. Josef H\u016frka pracoval pro Napako od konce 40. let minul\u00e9ho stolet\u00ed. Za\u010d\u00ednal jako elektirk\u00e1\u0159 a pozd\u011bji jako konstrukt\u00e9r sv\u011btel. Ve sv\u00fdch n\u00e1vrz\u00edch up\u0159ednost\u0148oval p\u0159edev\u0161\u00edm ejdnoduch\u00e9 funk\u010dn\u00ed tvary z kov\u016f, kter\u00e9 byly dopln\u011bny pergamenov\u00fdmi a sklen\u011bn\u00fdmi \u0161irmy. Ve sv\u00fdch realizac\u00edch zd\u016fraz\u0148oval esteti\u010dnost a funk\u010dnost.<\/p>\n<p>Stav: zachoval\u00fd p\u016fvodn\u00ed stav, drobn\u00e9 nedostatky odpov\u00eddaj\u00edc\u00ed st\u00e1\u0159\u00ed, funk\u010dn\u00ed, el. p\u016fvodn\u00ed<br \/>\nZna\u010dka: Napako, Josef H\u016frka<br \/>\nRozm\u011br<br \/>\nV\u00fd\u0161ka: 136 cm<br \/>\nHloubka: 30 cm<br \/>\n\u0160\u00ed\u0159ka st\u00ednidla: 20 cm<\/p>\n","protected":false},"excerpt":{"rendered":"<p>Kovov\u00e1 stojac\u00ed lampa typ 1716 dle n\u00e1vrhu design\u00e9ra Josefa H\u016frky pro Napako. Josef H\u016frka pracoval pro Napako od konce 40.<\/p>\n","protected":false},"featured_media":16650,"template":"","meta":[],"product_brand":[153],"product_cat":[79,142],"product_tag":[],"class_list":{"0":"post-16649","1":"product","2":"type-product","3":"status-publish","4":"has-post-thumbnail","6":"product_brand-eterle-cz","7":"product_cat-svetla","8":"product_cat-stojaci-lampy","9":"product_shipping_class-nadrozmerne","11":"first","12":"instock","13":"purchasable","14":"product-type-simple"},"_links":{"self":[{"href":"https:\/\/eterle.cz\/eshop\/wp-json\/wp\/v2\/product\/16649","targetHints":{"allow":["GET"]}}],"collection":[{"href":"https:\/\/eterle.cz\/eshop\/wp-json\/wp\/v2\/product"}],"about":[{"href":"https:\/\/eterle.cz\/eshop\/wp-json\/wp\/v2\/types\/product"}],"version-history":[{"count":1,"href":"https:\/\/eterle.cz\/eshop\/wp-json\/wp\/v2\/product\/16649\/revisions"}],"predecessor-version":[{"id":26251,"href":"https:\/\/eterle.cz\/eshop\/wp-json\/wp\/v2\/product\/16649\/revisions\/26251"}],"wp:featuredmedia":[{"embeddable":true,"href":"https:\/\/eterle.cz\/eshop\/wp-json\/wp\/v2\/media\/16650"}],"wp:attachment":[{"href":"https:\/\/eterle.cz\/eshop\/wp-json\/wp\/v2\/media?parent=16649"}],"wp:term":[{"taxonomy":"product_brand","embeddable":true,"href":"https:\/\/eterle.cz\/eshop\/wp-json\/wp\/v2\/product_brand?post=16649"},{"taxonomy":"product_cat","embeddable":true,"href":"https:\/\/eterle.cz\/eshop\/wp-json\/wp\/v2\/product_cat?post=16649"},{"taxonomy":"product_tag","embeddable":true,"href":"https:\/\/eterle.cz\/eshop\/wp-json\/wp\/v2\/product_tag?post=16649"}],"curies":[{"name":"wp","href":"https:\/\/api.w.org\/{rel}","templated":true}]}}