{"id":16658,"date":"2023-12-01T20:53:01","date_gmt":"2023-12-01T19:53:01","guid":{"rendered":"https:\/\/eterle.cz\/eshop\/produkt\/stolni-lampicka-jeptiska-napako\/"},"modified":"2025-02-16T02:50:19","modified_gmt":"2025-02-16T01:50:19","slug":"stolni-lampicka-jeptiska-napako","status":"publish","type":"product","link":"https:\/\/eterle.cz\/eshop\/produkt\/stolni-lampicka-jeptiska-napako\/","title":{"rendered":"Stoln\u00ed lampi\u010dka jepti\u0161ka \/ Napako"},"content":{"rendered":"<p>Ikonick\u00e1 stoln\u00ed kovov\u00e1 lampi\u010dka p\u0159ezd\u00edvan\u00e1 Jepti\u0161ka a to d\u00edky tvaru \u0161irmu, kter\u00fd evokuje \u010depec jepti\u0161ky. Poch\u00e1z\u00ed z 60. let minul\u00e9ho stolet\u00ed a byla zhotovena podle n\u00e1vrhu Josefa H\u016frky pro Napako (typ 0513).<\/p>\n<p>Stav: p\u016fvodn\u00ed zachoval\u00fd, funk\u010dn\u00ed, el. p\u016fvodn\u00ed<br \/>\nZna\u010dka: Napako, Josef H\u016frka<br \/>\nRozm\u011br<br \/>\nV\u00fd\u0161ka: 46 cm<br \/>\n\u0160\u00ed\u0159ka: 17 cm<br \/>\nHloubka: 25 cm<\/p>\n","protected":false},"excerpt":{"rendered":"<p>Ikonick\u00e1 stoln\u00ed kovov\u00e1 lampi\u010dka p\u0159ezd\u00edvan\u00e1 Jepti\u0161ka a to d\u00edky tvaru \u0161irmu, kter\u00fd evokuje \u010depec jepti\u0161ky. Poch\u00e1z\u00ed z 60. let minul\u00e9ho<\/p>\n","protected":false},"featured_media":16659,"template":"","meta":[],"product_brand":[153],"product_cat":[91],"product_tag":[],"class_list":{"0":"post-16658","1":"product","2":"type-product","3":"status-publish","4":"has-post-thumbnail","6":"product_brand-eterle-cz","7":"product_cat-prodane","8":"product_shipping_class-nadrozmerne","10":"first","11":"outofstock","12":"purchasable","13":"product-type-simple"},"_links":{"self":[{"href":"https:\/\/eterle.cz\/eshop\/wp-json\/wp\/v2\/product\/16658","targetHints":{"allow":["GET"]}}],"collection":[{"href":"https:\/\/eterle.cz\/eshop\/wp-json\/wp\/v2\/product"}],"about":[{"href":"https:\/\/eterle.cz\/eshop\/wp-json\/wp\/v2\/types\/product"}],"version-history":[{"count":0,"href":"https:\/\/eterle.cz\/eshop\/wp-json\/wp\/v2\/product\/16658\/revisions"}],"wp:featuredmedia":[{"embeddable":true,"href":"https:\/\/eterle.cz\/eshop\/wp-json\/wp\/v2\/media\/16659"}],"wp:attachment":[{"href":"https:\/\/eterle.cz\/eshop\/wp-json\/wp\/v2\/media?parent=16658"}],"wp:term":[{"taxonomy":"product_brand","embeddable":true,"href":"https:\/\/eterle.cz\/eshop\/wp-json\/wp\/v2\/product_brand?post=16658"},{"taxonomy":"product_cat","embeddable":true,"href":"https:\/\/eterle.cz\/eshop\/wp-json\/wp\/v2\/product_cat?post=16658"},{"taxonomy":"product_tag","embeddable":true,"href":"https:\/\/eterle.cz\/eshop\/wp-json\/wp\/v2\/product_tag?post=16658"}],"curies":[{"name":"wp","href":"https:\/\/api.w.org\/{rel}","templated":true}]}}