{"id":16663,"date":"2023-12-01T20:53:11","date_gmt":"2023-12-01T19:53:11","guid":{"rendered":"https:\/\/eterle.cz\/eshop\/produkt\/stolni-lampicka-6\/"},"modified":"2025-06-24T01:53:35","modified_gmt":"2025-06-23T23:53:35","slug":"stolni-lampicka-6","status":"publish","type":"product","link":"https:\/\/eterle.cz\/eshop\/produkt\/stolni-lampicka-6\/","title":{"rendered":"Stoln\u00ed lampi\u010dka"},"content":{"rendered":"<p>Netradi\u010dn\u00ed designov\u00e1 stoln\u00ed lampa, jej\u00ed\u017e p\u016fvod se n\u00e1m bohu\u017eel nepoda\u0159ilo dohledat. Zaj\u00edmav\u00fd je nejen tvar nohy, ale p\u0159edev\u0161\u00edm kombinovan\u00e9 st\u00ednidlo.<\/p>\n<p>Stav: dobr\u00fd zachoval\u00fd stav, jen drobn\u00e9 od\u0159en\u00ed viz foto, funk\u010dn\u00ed, el. p\u016fvodn\u00ed<br \/>\nRozm\u011br<br \/>\nV\u00fd\u0161ka: 50 cm<br \/>\n\u0160\u00ed\u0159ka: 13 cm<br \/>\nHloubka: 44 cm<\/p>\n","protected":false},"excerpt":{"rendered":"<p>Netradi\u010dn\u00ed designov\u00e1 stoln\u00ed lampa, jej\u00ed\u017e p\u016fvod se n\u00e1m bohu\u017eel nepoda\u0159ilo dohledat. Zaj\u00edmav\u00fd je nejen tvar nohy, ale p\u0159edev\u0161\u00edm kombinovan\u00e9 st\u00ednidlo.<\/p>\n","protected":false},"featured_media":16664,"template":"","meta":[],"product_brand":[153],"product_cat":[79,141],"product_tag":[],"class_list":{"0":"post-16663","1":"product","2":"type-product","3":"status-publish","4":"has-post-thumbnail","6":"product_brand-eterle-cz","7":"product_cat-svetla","8":"product_cat-stolni-lampy","9":"product_shipping_class-nadrozmerne","11":"first","12":"instock","13":"purchasable","14":"product-type-simple"},"_links":{"self":[{"href":"https:\/\/eterle.cz\/eshop\/wp-json\/wp\/v2\/product\/16663","targetHints":{"allow":["GET"]}}],"collection":[{"href":"https:\/\/eterle.cz\/eshop\/wp-json\/wp\/v2\/product"}],"about":[{"href":"https:\/\/eterle.cz\/eshop\/wp-json\/wp\/v2\/types\/product"}],"version-history":[{"count":1,"href":"https:\/\/eterle.cz\/eshop\/wp-json\/wp\/v2\/product\/16663\/revisions"}],"predecessor-version":[{"id":26250,"href":"https:\/\/eterle.cz\/eshop\/wp-json\/wp\/v2\/product\/16663\/revisions\/26250"}],"wp:featuredmedia":[{"embeddable":true,"href":"https:\/\/eterle.cz\/eshop\/wp-json\/wp\/v2\/media\/16664"}],"wp:attachment":[{"href":"https:\/\/eterle.cz\/eshop\/wp-json\/wp\/v2\/media?parent=16663"}],"wp:term":[{"taxonomy":"product_brand","embeddable":true,"href":"https:\/\/eterle.cz\/eshop\/wp-json\/wp\/v2\/product_brand?post=16663"},{"taxonomy":"product_cat","embeddable":true,"href":"https:\/\/eterle.cz\/eshop\/wp-json\/wp\/v2\/product_cat?post=16663"},{"taxonomy":"product_tag","embeddable":true,"href":"https:\/\/eterle.cz\/eshop\/wp-json\/wp\/v2\/product_tag?post=16663"}],"curies":[{"name":"wp","href":"https:\/\/api.w.org\/{rel}","templated":true}]}}