{"id":16694,"date":"2023-12-01T20:54:27","date_gmt":"2023-12-01T19:54:27","guid":{"rendered":"https:\/\/eterle.cz\/eshop\/produkt\/stropni-svetlo-ctverec\/"},"modified":"2026-02-19T17:53:12","modified_gmt":"2026-02-19T16:53:12","slug":"stropni-svetlo-ctverec","status":"publish","type":"product","link":"https:\/\/eterle.cz\/eshop\/produkt\/stropni-svetlo-ctverec\/","title":{"rendered":"Stropn\u00ed sv\u011btlo \u010dtverec"},"content":{"rendered":"<p>Sklen\u011bn\u00e9 stropn\u00ed sv\u011btlo vhodn\u00e9 do ni\u017e\u0161\u00edch prostor, kam nem\u016f\u017eete zav\u011bsit b\u011b\u017en\u00fd lustr. Dob\u0159e vypad\u00e1 ale i na zdi, p\u0159edev\u0161\u00edm, pokud jich um\u00edst\u00edte v\u00edce k sob\u011b.<\/p>\n<p>Stav: dobr\u00fd p\u016fvodn\u00ed<br \/>\nRozm\u011br: 26 x 26 cm<br \/>\nV\u00fd\u0161ka: 13 cm<\/p>\n","protected":false},"excerpt":{"rendered":"<p>Sklen\u011bn\u00e9 stropn\u00ed sv\u011btlo vhodn\u00e9 do ni\u017e\u0161\u00edch prostor, kam nem\u016f\u017eete zav\u011bsit b\u011b\u017en\u00fd lustr. Dob\u0159e vypad\u00e1 ale i na zdi, p\u0159edev\u0161\u00edm, pokud<\/p>\n","protected":false},"featured_media":16695,"template":"","meta":[],"product_brand":[153],"product_cat":[91],"product_tag":[],"class_list":{"0":"post-16694","1":"product","2":"type-product","3":"status-publish","4":"has-post-thumbnail","6":"product_brand-eterle-cz","7":"product_cat-prodane","8":"product_shipping_class-nadrozmerne","10":"first","11":"outofstock","12":"purchasable","13":"product-type-simple"},"_links":{"self":[{"href":"https:\/\/eterle.cz\/eshop\/wp-json\/wp\/v2\/product\/16694","targetHints":{"allow":["GET"]}}],"collection":[{"href":"https:\/\/eterle.cz\/eshop\/wp-json\/wp\/v2\/product"}],"about":[{"href":"https:\/\/eterle.cz\/eshop\/wp-json\/wp\/v2\/types\/product"}],"version-history":[{"count":1,"href":"https:\/\/eterle.cz\/eshop\/wp-json\/wp\/v2\/product\/16694\/revisions"}],"predecessor-version":[{"id":26246,"href":"https:\/\/eterle.cz\/eshop\/wp-json\/wp\/v2\/product\/16694\/revisions\/26246"}],"wp:featuredmedia":[{"embeddable":true,"href":"https:\/\/eterle.cz\/eshop\/wp-json\/wp\/v2\/media\/16695"}],"wp:attachment":[{"href":"https:\/\/eterle.cz\/eshop\/wp-json\/wp\/v2\/media?parent=16694"}],"wp:term":[{"taxonomy":"product_brand","embeddable":true,"href":"https:\/\/eterle.cz\/eshop\/wp-json\/wp\/v2\/product_brand?post=16694"},{"taxonomy":"product_cat","embeddable":true,"href":"https:\/\/eterle.cz\/eshop\/wp-json\/wp\/v2\/product_cat?post=16694"},{"taxonomy":"product_tag","embeddable":true,"href":"https:\/\/eterle.cz\/eshop\/wp-json\/wp\/v2\/product_tag?post=16694"}],"curies":[{"name":"wp","href":"https:\/\/api.w.org\/{rel}","templated":true}]}}