{"id":16698,"date":"2023-12-01T20:54:37","date_gmt":"2023-12-01T19:54:37","guid":{"rendered":"https:\/\/eterle.cz\/eshop\/produkt\/lustr-art-deco\/"},"modified":"2025-06-24T01:53:34","modified_gmt":"2025-06-23T23:53:34","slug":"lustr-art-deco","status":"publish","type":"product","link":"https:\/\/eterle.cz\/eshop\/produkt\/lustr-art-deco\/","title":{"rendered":"Lustr Art Deco"},"content":{"rendered":"<p>Subtiln\u00ed t\u0159\u00edramenn\u00fd lustr z obdob\u00ed Art deca se zaj\u00edmav\u00fdmi p\u016fvodn\u00edmi (nepo\u0161kozen\u00fdmi) stinidly, kter\u00e1 tvarov\u011b p\u0159ipom\u00ednaj\u00ed klobou\u010dky hub.<\/p>\n<p>Stav: p\u016fvodn\u00ed s drobnou koroz\u00ed, st\u00ednidla v po\u0159\u00e1dku, el. p\u016fvodn\u00ed a funk\u010dn\u00ed<br \/>\nRozm\u011br<br \/>\nV\u00fd\u0161ka: 60 cm<br \/>\nPr\u016fm\u011br: 59 cm<br \/>\nD\u00e9lka ty\u010de: 45 cm<\/p>\n","protected":false},"excerpt":{"rendered":"<p>Subtiln\u00ed t\u0159\u00edramenn\u00fd lustr z obdob\u00ed Art deca se zaj\u00edmav\u00fdmi p\u016fvodn\u00edmi (nepo\u0161kozen\u00fdmi) stinidly, kter\u00e1 tvarov\u011b p\u0159ipom\u00ednaj\u00ed klobou\u010dky hub. Stav: p\u016fvodn\u00ed s<\/p>\n","protected":false},"featured_media":16699,"template":"","meta":[],"product_brand":[153],"product_cat":[79,140],"product_tag":[],"class_list":{"0":"post-16698","1":"product","2":"type-product","3":"status-publish","4":"has-post-thumbnail","6":"product_brand-eterle-cz","7":"product_cat-svetla","8":"product_cat-lustry","9":"product_shipping_class-nadrozmerne","11":"first","12":"instock","13":"purchasable","14":"product-type-simple"},"_links":{"self":[{"href":"https:\/\/eterle.cz\/eshop\/wp-json\/wp\/v2\/product\/16698","targetHints":{"allow":["GET"]}}],"collection":[{"href":"https:\/\/eterle.cz\/eshop\/wp-json\/wp\/v2\/product"}],"about":[{"href":"https:\/\/eterle.cz\/eshop\/wp-json\/wp\/v2\/types\/product"}],"version-history":[{"count":1,"href":"https:\/\/eterle.cz\/eshop\/wp-json\/wp\/v2\/product\/16698\/revisions"}],"predecessor-version":[{"id":26245,"href":"https:\/\/eterle.cz\/eshop\/wp-json\/wp\/v2\/product\/16698\/revisions\/26245"}],"wp:featuredmedia":[{"embeddable":true,"href":"https:\/\/eterle.cz\/eshop\/wp-json\/wp\/v2\/media\/16699"}],"wp:attachment":[{"href":"https:\/\/eterle.cz\/eshop\/wp-json\/wp\/v2\/media?parent=16698"}],"wp:term":[{"taxonomy":"product_brand","embeddable":true,"href":"https:\/\/eterle.cz\/eshop\/wp-json\/wp\/v2\/product_brand?post=16698"},{"taxonomy":"product_cat","embeddable":true,"href":"https:\/\/eterle.cz\/eshop\/wp-json\/wp\/v2\/product_cat?post=16698"},{"taxonomy":"product_tag","embeddable":true,"href":"https:\/\/eterle.cz\/eshop\/wp-json\/wp\/v2\/product_tag?post=16698"}],"curies":[{"name":"wp","href":"https:\/\/api.w.org\/{rel}","templated":true}]}}