{"id":16705,"date":"2023-12-01T20:54:52","date_gmt":"2023-12-01T19:54:52","guid":{"rendered":"https:\/\/eterle.cz\/eshop\/produkt\/lustr-5\/"},"modified":"2025-11-24T00:46:38","modified_gmt":"2025-11-23T23:46:38","slug":"lustr-5","status":"publish","type":"product","link":"https:\/\/eterle.cz\/eshop\/produkt\/lustr-5\/","title":{"rendered":"Lustr"},"content":{"rendered":"<p>Klasick\u00fd t\u0159\u00edramenn\u00fd ob\u00fdv\u00e1kov\u00fd lustr z obdob\u00ed Art deca.<\/p>\n<p>Stav: p\u016fvodn\u00ed s drobnou koroz\u00ed, st\u00ednidla v po\u0159\u00e1dku, el. p\u016fvodn\u00ed a funk\u010dn\u00ed<br \/>\nV\u00fd\u0161ka: 62 cm<br \/>\nPr\u016fm\u011br: 53 cm<br \/>\nPr\u016fm\u011br st\u00ednidla: 24 cm<br \/>\nV\u00fd\u0161ka ty\u010de: 41 cm<\/p>\n","protected":false},"excerpt":{"rendered":"<p>Klasick\u00fd t\u0159\u00edramenn\u00fd ob\u00fdv\u00e1kov\u00fd lustr z obdob\u00ed Art deca. Stav: p\u016fvodn\u00ed s drobnou koroz\u00ed, st\u00ednidla v po\u0159\u00e1dku, el. p\u016fvodn\u00ed a funk\u010dn\u00ed<\/p>\n","protected":false},"featured_media":16706,"template":"","meta":[],"product_brand":[153],"product_cat":[79,140],"product_tag":[],"class_list":{"0":"post-16705","1":"product","2":"type-product","3":"status-publish","4":"has-post-thumbnail","6":"product_brand-eterle-cz","7":"product_cat-svetla","8":"product_cat-lustry","9":"product_shipping_class-nadrozmerne","11":"first","12":"instock","13":"purchasable","14":"product-type-simple"},"_links":{"self":[{"href":"https:\/\/eterle.cz\/eshop\/wp-json\/wp\/v2\/product\/16705","targetHints":{"allow":["GET"]}}],"collection":[{"href":"https:\/\/eterle.cz\/eshop\/wp-json\/wp\/v2\/product"}],"about":[{"href":"https:\/\/eterle.cz\/eshop\/wp-json\/wp\/v2\/types\/product"}],"version-history":[{"count":1,"href":"https:\/\/eterle.cz\/eshop\/wp-json\/wp\/v2\/product\/16705\/revisions"}],"predecessor-version":[{"id":26244,"href":"https:\/\/eterle.cz\/eshop\/wp-json\/wp\/v2\/product\/16705\/revisions\/26244"}],"wp:featuredmedia":[{"embeddable":true,"href":"https:\/\/eterle.cz\/eshop\/wp-json\/wp\/v2\/media\/16706"}],"wp:attachment":[{"href":"https:\/\/eterle.cz\/eshop\/wp-json\/wp\/v2\/media?parent=16705"}],"wp:term":[{"taxonomy":"product_brand","embeddable":true,"href":"https:\/\/eterle.cz\/eshop\/wp-json\/wp\/v2\/product_brand?post=16705"},{"taxonomy":"product_cat","embeddable":true,"href":"https:\/\/eterle.cz\/eshop\/wp-json\/wp\/v2\/product_cat?post=16705"},{"taxonomy":"product_tag","embeddable":true,"href":"https:\/\/eterle.cz\/eshop\/wp-json\/wp\/v2\/product_tag?post=16705"}],"curies":[{"name":"wp","href":"https:\/\/api.w.org\/{rel}","templated":true}]}}