{"id":16712,"date":"2023-12-01T20:55:11","date_gmt":"2023-12-01T19:55:11","guid":{"rendered":"https:\/\/eterle.cz\/eshop\/produkt\/policka-thonet\/"},"modified":"2025-02-16T02:50:16","modified_gmt":"2025-02-16T01:50:16","slug":"policka-thonet","status":"publish","type":"product","link":"https:\/\/eterle.cz\/eshop\/produkt\/policka-thonet\/","title":{"rendered":"Poli\u010dka \/ Thonet"},"content":{"rendered":"<p>M\u00e1lo v\u00eddan\u00e1 d\u0159ev\u011bn\u00e1 poli\u010dka od firmyThonet. D\u0159evo sice nese zn\u00e1mky patiny, ale konstruk\u010dn\u011b je v po\u0159\u00e1dku.<\/p>\n<p>Stav: patina, fleky na deskach<br \/>\nRozm\u011br<br \/>\nV\u00fd\u0161ka: 54 cm<br \/>\n\u0160\u00ed\u0159ka: 59 cm<br \/>\nHloubka: 21 cm<\/p>\n","protected":false},"excerpt":{"rendered":"<p>M\u00e1lo v\u00eddan\u00e1 d\u0159ev\u011bn\u00e1 poli\u010dka od firmyThonet. D\u0159evo sice nese zn\u00e1mky patiny, ale konstruk\u010dn\u011b je v po\u0159\u00e1dku. Stav: patina, fleky na<\/p>\n","protected":false},"featured_media":16713,"template":"","meta":[],"product_brand":[153],"product_cat":[91],"product_tag":[],"class_list":{"0":"post-16712","1":"product","2":"type-product","3":"status-publish","4":"has-post-thumbnail","6":"product_brand-eterle-cz","7":"product_cat-prodane","8":"product_shipping_class-nadrozmerne","10":"first","11":"outofstock","12":"purchasable","13":"product-type-simple"},"_links":{"self":[{"href":"https:\/\/eterle.cz\/eshop\/wp-json\/wp\/v2\/product\/16712","targetHints":{"allow":["GET"]}}],"collection":[{"href":"https:\/\/eterle.cz\/eshop\/wp-json\/wp\/v2\/product"}],"about":[{"href":"https:\/\/eterle.cz\/eshop\/wp-json\/wp\/v2\/types\/product"}],"version-history":[{"count":0,"href":"https:\/\/eterle.cz\/eshop\/wp-json\/wp\/v2\/product\/16712\/revisions"}],"wp:featuredmedia":[{"embeddable":true,"href":"https:\/\/eterle.cz\/eshop\/wp-json\/wp\/v2\/media\/16713"}],"wp:attachment":[{"href":"https:\/\/eterle.cz\/eshop\/wp-json\/wp\/v2\/media?parent=16712"}],"wp:term":[{"taxonomy":"product_brand","embeddable":true,"href":"https:\/\/eterle.cz\/eshop\/wp-json\/wp\/v2\/product_brand?post=16712"},{"taxonomy":"product_cat","embeddable":true,"href":"https:\/\/eterle.cz\/eshop\/wp-json\/wp\/v2\/product_cat?post=16712"},{"taxonomy":"product_tag","embeddable":true,"href":"https:\/\/eterle.cz\/eshop\/wp-json\/wp\/v2\/product_tag?post=16712"}],"curies":[{"name":"wp","href":"https:\/\/api.w.org\/{rel}","templated":true}]}}