{"id":16718,"date":"2023-12-01T20:55:24","date_gmt":"2023-12-01T19:55:24","guid":{"rendered":"https:\/\/eterle.cz\/eshop\/produkt\/funkcionalisticky-vesak-2\/"},"modified":"2025-02-16T02:50:15","modified_gmt":"2025-02-16T01:50:15","slug":"funkcionalisticky-vesak-2","status":"publish","type":"product","link":"https:\/\/eterle.cz\/eshop\/produkt\/funkcionalisticky-vesak-2\/","title":{"rendered":"Funkcionalistick\u00fd v\u011b\u0161\u00e1k"},"content":{"rendered":"<p>Funkcionalistick\u00fd n\u00e1st\u011bnn\u00fd chromov\u00fd trubkov\u00fd v\u011b\u0161\u00e1k. Tolik p\u0159\u00eddavn\u00fdch jmen pro jeden p\u0159edm\u011bt&#8230;Vystihuj\u00ed ale v\u0161e, snad jen chyb\u00ed dodat &#8222;kr\u00e1sn\u00fd&#8220;.<\/p>\n<p>Stav: dobr\u00fd,vyle\u0161t\u011bn\u00fd, m\u00edsty vid\u011bt patina<br \/>\nRozm\u011br<br \/>\nD\u00e9lka: 83 cm<br \/>\nHloubka: 29 cm<br \/>\nV\u00fd\u0161ka: 20 cm<\/p>\n","protected":false},"excerpt":{"rendered":"<p>Funkcionalistick\u00fd n\u00e1st\u011bnn\u00fd chromov\u00fd trubkov\u00fd v\u011b\u0161\u00e1k. Tolik p\u0159\u00eddavn\u00fdch jmen pro jeden p\u0159edm\u011bt&#8230;Vystihuj\u00ed ale v\u0161e, snad jen chyb\u00ed dodat &#8222;kr\u00e1sn\u00fd&#8220;. Stav: dobr\u00fd,vyle\u0161t\u011bn\u00fd,<\/p>\n","protected":false},"featured_media":16719,"template":"","meta":[],"product_brand":[153],"product_cat":[91],"product_tag":[],"class_list":{"0":"post-16718","1":"product","2":"type-product","3":"status-publish","4":"has-post-thumbnail","6":"product_brand-eterle-cz","7":"product_cat-prodane","8":"product_shipping_class-nadrozmerne","10":"first","11":"outofstock","12":"purchasable","13":"product-type-simple"},"_links":{"self":[{"href":"https:\/\/eterle.cz\/eshop\/wp-json\/wp\/v2\/product\/16718","targetHints":{"allow":["GET"]}}],"collection":[{"href":"https:\/\/eterle.cz\/eshop\/wp-json\/wp\/v2\/product"}],"about":[{"href":"https:\/\/eterle.cz\/eshop\/wp-json\/wp\/v2\/types\/product"}],"version-history":[{"count":0,"href":"https:\/\/eterle.cz\/eshop\/wp-json\/wp\/v2\/product\/16718\/revisions"}],"wp:featuredmedia":[{"embeddable":true,"href":"https:\/\/eterle.cz\/eshop\/wp-json\/wp\/v2\/media\/16719"}],"wp:attachment":[{"href":"https:\/\/eterle.cz\/eshop\/wp-json\/wp\/v2\/media?parent=16718"}],"wp:term":[{"taxonomy":"product_brand","embeddable":true,"href":"https:\/\/eterle.cz\/eshop\/wp-json\/wp\/v2\/product_brand?post=16718"},{"taxonomy":"product_cat","embeddable":true,"href":"https:\/\/eterle.cz\/eshop\/wp-json\/wp\/v2\/product_cat?post=16718"},{"taxonomy":"product_tag","embeddable":true,"href":"https:\/\/eterle.cz\/eshop\/wp-json\/wp\/v2\/product_tag?post=16718"}],"curies":[{"name":"wp","href":"https:\/\/api.w.org\/{rel}","templated":true}]}}