{"id":16723,"date":"2023-12-01T20:55:35","date_gmt":"2023-12-01T19:55:35","guid":{"rendered":"https:\/\/eterle.cz\/eshop\/produkt\/skolni-plakat\/"},"modified":"2025-02-16T02:50:15","modified_gmt":"2025-02-16T01:50:15","slug":"skolni-plakat","status":"publish","type":"product","link":"https:\/\/eterle.cz\/eshop\/produkt\/skolni-plakat\/","title":{"rendered":"\u0160koln\u00ed plak\u00e1t"},"content":{"rendered":"<p>Velk\u00fd \u0161koln\u00ed plak\u00e1t pojedn\u00e1vaj\u00edc\u00ed o cest\u011b histori\u00ed. V sou\u010dasn\u00e9 dob\u011b jsou tyto plak\u00e1ty z u\u010deben a kabinet\u016f vyhled\u00e1vanou bytovou dekorac\u00ed.<\/p>\n<p>Stav: dobr\u00fd s patinou, m\u00edsty prolomen\u00fd pap\u00edr a drobn\u00e9 natr\u017een\u00ed<br \/>\nRozm\u011br<br \/>\nV\u00fd\u0161ka: 140 cm<br \/>\n\u0160\u00ed\u0159ka: 100 cm<\/p>\n","protected":false},"excerpt":{"rendered":"<p>Velk\u00fd \u0161koln\u00ed plak\u00e1t pojedn\u00e1vaj\u00edc\u00ed o cest\u011b histori\u00ed. V sou\u010dasn\u00e9 dob\u011b jsou tyto plak\u00e1ty z u\u010deben a kabinet\u016f vyhled\u00e1vanou bytovou dekorac\u00ed.<\/p>\n","protected":false},"featured_media":16724,"template":"","meta":[],"product_brand":[153],"product_cat":[91],"product_tag":[],"class_list":{"0":"post-16723","1":"product","2":"type-product","3":"status-publish","4":"has-post-thumbnail","6":"product_brand-eterle-cz","7":"product_cat-prodane","8":"product_shipping_class-nadrozmerne","10":"first","11":"outofstock","12":"purchasable","13":"product-type-simple"},"_links":{"self":[{"href":"https:\/\/eterle.cz\/eshop\/wp-json\/wp\/v2\/product\/16723","targetHints":{"allow":["GET"]}}],"collection":[{"href":"https:\/\/eterle.cz\/eshop\/wp-json\/wp\/v2\/product"}],"about":[{"href":"https:\/\/eterle.cz\/eshop\/wp-json\/wp\/v2\/types\/product"}],"version-history":[{"count":0,"href":"https:\/\/eterle.cz\/eshop\/wp-json\/wp\/v2\/product\/16723\/revisions"}],"wp:featuredmedia":[{"embeddable":true,"href":"https:\/\/eterle.cz\/eshop\/wp-json\/wp\/v2\/media\/16724"}],"wp:attachment":[{"href":"https:\/\/eterle.cz\/eshop\/wp-json\/wp\/v2\/media?parent=16723"}],"wp:term":[{"taxonomy":"product_brand","embeddable":true,"href":"https:\/\/eterle.cz\/eshop\/wp-json\/wp\/v2\/product_brand?post=16723"},{"taxonomy":"product_cat","embeddable":true,"href":"https:\/\/eterle.cz\/eshop\/wp-json\/wp\/v2\/product_cat?post=16723"},{"taxonomy":"product_tag","embeddable":true,"href":"https:\/\/eterle.cz\/eshop\/wp-json\/wp\/v2\/product_tag?post=16723"}],"curies":[{"name":"wp","href":"https:\/\/api.w.org\/{rel}","templated":true}]}}