{"id":16816,"date":"2023-12-09T01:05:20","date_gmt":"2023-12-09T00:05:20","guid":{"rendered":"https:\/\/eterle.cz\/eshop\/produkt\/jidelni-sada-pro-6-osob-meissen\/"},"modified":"2025-12-19T13:19:16","modified_gmt":"2025-12-19T12:19:16","slug":"jidelni-sada-pro-6-osob-meissen","status":"publish","type":"product","link":"https:\/\/eterle.cz\/eshop\/produkt\/jidelni-sada-pro-6-osob-meissen\/","title":{"rendered":"J\u00eddeln\u00ed sada pro 6 osob \/ Meissen"},"content":{"rendered":"<p>Neobvykle barevn\u00e1 j\u00eddeln\u00e1 sada ve stylu art deco vhodn\u00e1 na sv\u00e1te\u010dn\u00ed st\u016fl i na venkov na ned\u011bln\u00ed ob\u011bd. Pol\u00e9vkov\u00e1 m\u00edsa m\u00e1 n\u00e1dhern\u011b tvarovan\u00e1 ucha a \u00fachyt, kter\u00e1 jasn\u011b odkazuj\u00ed na art deco styl.<br \/>\nJ\u00eddeln\u00ed sada obsahuje: m\u011blk\u00e9 tal\u00ed\u0159e, hlubok\u00e9 tal\u00ed\u0159e, dezertn\u00ed tal\u00ed\u0159e, pol\u00e9vkovou m\u00edsu, serv\u00edrovac\u00ed tal\u00ed\u0159 (14 kus\u016f)<\/p>\n<p>Stav: velmi dobr\u00fd, lehk\u00e9 zn\u00e1mky pou\u017e\u00edv\u00e1n\u00ed, modr\u00fd prou\u017eek m\u00edsty lehce set\u0159en<br \/>\nZna\u010dka: Meissen<br \/>\nRozm\u011br<br \/>\nPr\u016fm\u011br hlubok\u00e9ho: 23,5 cm<br \/>\nPr\u016fm\u011br m\u011blk\u00e9ho: 23,5 cm<br \/>\nPr\u016fm\u011br dezertn\u00edho: 19 cm<br \/>\nPr\u016fm\u011br serv\u00edrovac\u00edho tal\u00ed\u0159e: 28 cm<br \/>\nObjem pol. m\u00edsy: 3 l<\/p>\n","protected":false},"excerpt":{"rendered":"<p>Neobvykle barevn\u00e1 j\u00eddeln\u00e1 sada ve stylu art deco vhodn\u00e1 na sv\u00e1te\u010dn\u00ed st\u016fl i na venkov na ned\u011bln\u00ed ob\u011bd. Pol\u00e9vkov\u00e1 m\u00edsa<\/p>\n","protected":false},"featured_media":16817,"template":"","meta":[],"product_brand":[153],"product_cat":[91],"product_tag":[],"class_list":{"0":"post-16816","1":"product","2":"type-product","3":"status-publish","4":"has-post-thumbnail","6":"product_brand-eterle-cz","7":"product_cat-prodane","9":"first","10":"outofstock","11":"purchasable","12":"product-type-simple"},"_links":{"self":[{"href":"https:\/\/eterle.cz\/eshop\/wp-json\/wp\/v2\/product\/16816","targetHints":{"allow":["GET"]}}],"collection":[{"href":"https:\/\/eterle.cz\/eshop\/wp-json\/wp\/v2\/product"}],"about":[{"href":"https:\/\/eterle.cz\/eshop\/wp-json\/wp\/v2\/types\/product"}],"version-history":[{"count":2,"href":"https:\/\/eterle.cz\/eshop\/wp-json\/wp\/v2\/product\/16816\/revisions"}],"predecessor-version":[{"id":31355,"href":"https:\/\/eterle.cz\/eshop\/wp-json\/wp\/v2\/product\/16816\/revisions\/31355"}],"wp:featuredmedia":[{"embeddable":true,"href":"https:\/\/eterle.cz\/eshop\/wp-json\/wp\/v2\/media\/16817"}],"wp:attachment":[{"href":"https:\/\/eterle.cz\/eshop\/wp-json\/wp\/v2\/media?parent=16816"}],"wp:term":[{"taxonomy":"product_brand","embeddable":true,"href":"https:\/\/eterle.cz\/eshop\/wp-json\/wp\/v2\/product_brand?post=16816"},{"taxonomy":"product_cat","embeddable":true,"href":"https:\/\/eterle.cz\/eshop\/wp-json\/wp\/v2\/product_cat?post=16816"},{"taxonomy":"product_tag","embeddable":true,"href":"https:\/\/eterle.cz\/eshop\/wp-json\/wp\/v2\/product_tag?post=16816"}],"curies":[{"name":"wp","href":"https:\/\/api.w.org\/{rel}","templated":true}]}}