{"id":16828,"date":"2023-12-09T01:05:53","date_gmt":"2023-12-09T00:05:53","guid":{"rendered":"https:\/\/eterle.cz\/eshop\/produkt\/jidelni-sada-pro-4-osoby-jaeger-co\/"},"modified":"2025-06-24T01:53:34","modified_gmt":"2025-06-23T23:53:34","slug":"jidelni-sada-pro-4-osoby-jaeger-co","status":"publish","type":"product","link":"https:\/\/eterle.cz\/eshop\/produkt\/jidelni-sada-pro-4-osoby-jaeger-co\/","title":{"rendered":"J\u00eddeln\u00ed sada pro 4 osoby \/ Jaeger &#038; Co"},"content":{"rendered":"<p>Elegannt\u00ed j\u00eddeln\u00ed sada pro 4 osoby je zaj\u00edmav\u00e1 p\u0159edev\u0161\u00edm jemn\u00fdm plastick\u00fdm vzorem v b\u00edl\u00e9 barv\u011b. Na sv\u00e1te\u010dnosti ji dod\u00e1v\u00e1 zlat\u00e1 linka, kter\u00e1 je na m\u00edse a om\u00e1\u010dn\u00edku zdovejan a uprost\u0159ed ji dopl\u0148uje jemn\u00e9 zdoben\u00ed v \u0161ed\u00e9 barv\u011b. <\/p>\n<p>J\u00eddeln\u00ed sada obsahuje: m\u011blk\u00e9 tal\u00ed\u0159e, hlubok\u00e9 tal\u00ed\u0159e, dezertn\u00ed tal\u00ed\u0159e, pol\u00e9vkovou m\u00edsu, om\u00e1\u010dn\u00edk (14 kus\u016f)<\/p>\n<p>Stav: v\u00fdborn\u00fd<br \/>\nZna\u010dka: PMR Bavaria, Jaeger &#038; Co<br \/>\nRozm\u011br<br \/>\nPr\u016fm\u011br hlubok\u00e9ho: 22,5 cm<br \/>\nPr\u016fm\u011br m\u011blk\u00e9ho: 23,5 cm<br \/>\nPr\u016fm\u011br dezertn\u00edho: 29,5 cm<br \/>\nObjem om\u00e1\u010dn\u00edku: 350 ml<br \/>\nObjem pol. m\u00edsy: 2 l<\/p>\n","protected":false},"excerpt":{"rendered":"<p>Elegannt\u00ed j\u00eddeln\u00ed sada pro 4 osoby je zaj\u00edmav\u00e1 p\u0159edev\u0161\u00edm jemn\u00fdm plastick\u00fdm vzorem v b\u00edl\u00e9 barv\u011b. Na sv\u00e1te\u010dnosti ji dod\u00e1v\u00e1 zlat\u00e1<\/p>\n","protected":false},"featured_media":16829,"template":"","meta":[],"product_brand":[153],"product_cat":[76,111],"product_tag":[],"class_list":{"0":"post-16828","1":"product","2":"type-product","3":"status-publish","4":"has-post-thumbnail","6":"product_brand-eterle-cz","7":"product_cat-porcelan","8":"product_cat-porcelanove-sady","10":"first","11":"instock","12":"purchasable","13":"product-type-simple"},"_links":{"self":[{"href":"https:\/\/eterle.cz\/eshop\/wp-json\/wp\/v2\/product\/16828","targetHints":{"allow":["GET"]}}],"collection":[{"href":"https:\/\/eterle.cz\/eshop\/wp-json\/wp\/v2\/product"}],"about":[{"href":"https:\/\/eterle.cz\/eshop\/wp-json\/wp\/v2\/types\/product"}],"version-history":[{"count":1,"href":"https:\/\/eterle.cz\/eshop\/wp-json\/wp\/v2\/product\/16828\/revisions"}],"predecessor-version":[{"id":26242,"href":"https:\/\/eterle.cz\/eshop\/wp-json\/wp\/v2\/product\/16828\/revisions\/26242"}],"wp:featuredmedia":[{"embeddable":true,"href":"https:\/\/eterle.cz\/eshop\/wp-json\/wp\/v2\/media\/16829"}],"wp:attachment":[{"href":"https:\/\/eterle.cz\/eshop\/wp-json\/wp\/v2\/media?parent=16828"}],"wp:term":[{"taxonomy":"product_brand","embeddable":true,"href":"https:\/\/eterle.cz\/eshop\/wp-json\/wp\/v2\/product_brand?post=16828"},{"taxonomy":"product_cat","embeddable":true,"href":"https:\/\/eterle.cz\/eshop\/wp-json\/wp\/v2\/product_cat?post=16828"},{"taxonomy":"product_tag","embeddable":true,"href":"https:\/\/eterle.cz\/eshop\/wp-json\/wp\/v2\/product_tag?post=16828"}],"curies":[{"name":"wp","href":"https:\/\/api.w.org\/{rel}","templated":true}]}}