{"id":16839,"date":"2023-12-09T01:06:33","date_gmt":"2023-12-09T00:06:33","guid":{"rendered":"https:\/\/eterle.cz\/eshop\/produkt\/jidelni-sada-pro-6-osob-thun\/"},"modified":"2025-02-16T02:50:13","modified_gmt":"2025-02-16T01:50:13","slug":"jidelni-sada-pro-6-osob-thun","status":"publish","type":"product","link":"https:\/\/eterle.cz\/eshop\/produkt\/jidelni-sada-pro-6-osob-thun\/","title":{"rendered":"J\u00eddeln\u00ed sada pro 6 osob \/ Thun"},"content":{"rendered":"<p>J\u00eddeln\u00ed sada pro 6 osob od \u010desk\u00e9 porcel\u00e1nky Thun v dekoru President, kter\u00fd byl navr\u017een jako reprezentativn\u00ed j\u00eddeln\u00ed soubor pro Pra\u017esk\u00fd hrad. Vznikl v roce 1999 pro prvn\u00edho prezidenta nov\u00e9ho \u010desk\u00e9ho st\u00e1tu podle n\u00e1vrhu akademick\u00e9ho socha\u0159e Ji\u0159\u00edho La\u0161tovi\u010dky. N\u00e1vrh klade d\u016fraz zejm\u00e9na na vysokou \u00farove\u0148 um\u011blecko\u0159emesln\u00e9ho zpracov\u00e1n\u00ed, kvalitu pou\u017eit\u00fdch materi\u00e1l\u016f a precizn\u011b proveden\u00fd dekor v kombinaci zlata a kobaltov\u00e9 mod\u0159i.  <\/p>\n<p>J\u00eddeln\u00ed sada obsahuje: m\u011blk\u00e9 tal\u00ed\u0159e, hlubok\u00e9 tal\u00ed\u0159e, dezertn\u00ed tal\u00ed\u0159e, misti\u010dky na sal\u00e1t om\u00e1\u010dn\u00edk (25 kus\u016f)<\/p>\n<p>Stav: v\u00fdborn\u00fd<br \/>\nZna\u010dka: Thun<br \/>\nRozm\u011br<br \/>\nPr\u016fm\u011br hlubok\u00e9ho: 22 cm<br \/>\nPr\u016fm\u011br m\u011blk\u00e9ho: 27 cm<br \/>\nPr\u016fm\u011br dezertn\u00edho: 21 cm<br \/>\nPr\u016fm\u011br sal\u00e1tov\u00e9 misti\u010dky: 12 cm<br \/>\nObjem om\u00e1\u010dn\u00edku: 480 ml<\/p>\n","protected":false},"excerpt":{"rendered":"<p>J\u00eddeln\u00ed sada pro 6 osob od \u010desk\u00e9 porcel\u00e1nky Thun v dekoru President, kter\u00fd byl navr\u017een jako reprezentativn\u00ed j\u00eddeln\u00ed soubor pro<\/p>\n","protected":false},"featured_media":16840,"template":"","meta":[],"product_brand":[153],"product_cat":[91],"product_tag":[],"class_list":{"0":"post-16839","1":"product","2":"type-product","3":"status-publish","4":"has-post-thumbnail","6":"product_brand-eterle-cz","7":"product_cat-prodane","9":"first","10":"outofstock","11":"purchasable","12":"product-type-simple"},"_links":{"self":[{"href":"https:\/\/eterle.cz\/eshop\/wp-json\/wp\/v2\/product\/16839","targetHints":{"allow":["GET"]}}],"collection":[{"href":"https:\/\/eterle.cz\/eshop\/wp-json\/wp\/v2\/product"}],"about":[{"href":"https:\/\/eterle.cz\/eshop\/wp-json\/wp\/v2\/types\/product"}],"version-history":[{"count":0,"href":"https:\/\/eterle.cz\/eshop\/wp-json\/wp\/v2\/product\/16839\/revisions"}],"wp:featuredmedia":[{"embeddable":true,"href":"https:\/\/eterle.cz\/eshop\/wp-json\/wp\/v2\/media\/16840"}],"wp:attachment":[{"href":"https:\/\/eterle.cz\/eshop\/wp-json\/wp\/v2\/media?parent=16839"}],"wp:term":[{"taxonomy":"product_brand","embeddable":true,"href":"https:\/\/eterle.cz\/eshop\/wp-json\/wp\/v2\/product_brand?post=16839"},{"taxonomy":"product_cat","embeddable":true,"href":"https:\/\/eterle.cz\/eshop\/wp-json\/wp\/v2\/product_cat?post=16839"},{"taxonomy":"product_tag","embeddable":true,"href":"https:\/\/eterle.cz\/eshop\/wp-json\/wp\/v2\/product_tag?post=16839"}],"curies":[{"name":"wp","href":"https:\/\/api.w.org\/{rel}","templated":true}]}}