{"id":16858,"date":"2023-12-09T01:07:26","date_gmt":"2023-12-09T00:07:26","guid":{"rendered":"https:\/\/eterle.cz\/eshop\/produkt\/cajova-sada-pro-6-osob-rosenthal\/"},"modified":"2025-02-16T02:50:13","modified_gmt":"2025-02-16T01:50:13","slug":"cajova-sada-pro-6-osob-rosenthal","status":"publish","type":"product","link":"https:\/\/eterle.cz\/eshop\/produkt\/cajova-sada-pro-6-osob-rosenthal\/","title":{"rendered":"\u010cajov\u00e1 sada pro 6 osob \/ Rosenthal"},"content":{"rendered":"<p>\u010cajov\u00e1 sada od n\u011bmeck\u00e9 zna\u010dky Rosenthal dle n\u00e1vrhu z konce 60. let minul\u00e9ho stolet\u00ed od finsk\u00e9ho designer\u00e1 Tapio Wirkkala, kter\u00fd byl p\u0159edn\u00ed postavou nov\u00e9ho u\u017eit\u00e9ho um\u011bn\u00ed a z\u00edskal za sv\u00e9 d\u00edlo mnoho ocen\u011bn\u00ed. Nebyl mu ciz\u00ed \u017e\u00e1dn\u00fd materi\u00e1l (d\u0159evo, sklo, porcel\u00e1n i plast). Mezi jeho nejzn\u00e1m\u011bj\u0161\u00ed n\u00e1vrhy pat\u0159\u00ed asi lahev pro vodku Finlandia, markov\u00e9 bankovky z roku 1955 pro finskou banku a porcel\u00e1nov\u00e9 n\u00e1dob\u00ed pro Rosenthal.<\/p>\n<p>Sada obsahuje: \u010dajovou konvici, ml\u00e9kovku, cuk\u0159enku, 6x \u0161\u00e1lek s pod\u0161\u00e1lkem, dezertn\u00ed tal\u00ed\u0159ky<\/p>\n<p>Stav: velmi dobr\u00fd, pouze \u010dajov\u00e1 konvice m\u00e1 uvnit\u0159 na dn\u011b prou\u017eek od \u010daje<br \/>\nZna\u010dka: Rosenthal<br \/>\nRozm\u011br<br \/>\nObjem konvice: 1,2 l<br \/>\nObjem hrne\u010dku: 150 ml<br \/>\nObjem ml\u00e9kovky: 150 ml<br \/>\nPr\u016fm\u011br pod\u0161\u00e1lku: 12 cm<br \/>\nPr\u016fm\u011br dezertn\u00edho tal\u00ed\u0159ku: 19,5 cm<br \/>\nV\u00fd\u0161ka cuk\u0159enky: 6 cm<\/p>\n","protected":false},"excerpt":{"rendered":"<p>\u010cajov\u00e1 sada od n\u011bmeck\u00e9 zna\u010dky Rosenthal dle n\u00e1vrhu z konce 60. let minul\u00e9ho stolet\u00ed od finsk\u00e9ho designer\u00e1 Tapio Wirkkala, kter\u00fd<\/p>\n","protected":false},"featured_media":16859,"template":"","meta":[],"product_brand":[153],"product_cat":[91],"product_tag":[],"class_list":{"0":"post-16858","1":"product","2":"type-product","3":"status-publish","4":"has-post-thumbnail","6":"product_brand-eterle-cz","7":"product_cat-prodane","9":"first","10":"outofstock","11":"sale","12":"purchasable","13":"product-type-simple"},"_links":{"self":[{"href":"https:\/\/eterle.cz\/eshop\/wp-json\/wp\/v2\/product\/16858","targetHints":{"allow":["GET"]}}],"collection":[{"href":"https:\/\/eterle.cz\/eshop\/wp-json\/wp\/v2\/product"}],"about":[{"href":"https:\/\/eterle.cz\/eshop\/wp-json\/wp\/v2\/types\/product"}],"version-history":[{"count":0,"href":"https:\/\/eterle.cz\/eshop\/wp-json\/wp\/v2\/product\/16858\/revisions"}],"wp:featuredmedia":[{"embeddable":true,"href":"https:\/\/eterle.cz\/eshop\/wp-json\/wp\/v2\/media\/16859"}],"wp:attachment":[{"href":"https:\/\/eterle.cz\/eshop\/wp-json\/wp\/v2\/media?parent=16858"}],"wp:term":[{"taxonomy":"product_brand","embeddable":true,"href":"https:\/\/eterle.cz\/eshop\/wp-json\/wp\/v2\/product_brand?post=16858"},{"taxonomy":"product_cat","embeddable":true,"href":"https:\/\/eterle.cz\/eshop\/wp-json\/wp\/v2\/product_cat?post=16858"},{"taxonomy":"product_tag","embeddable":true,"href":"https:\/\/eterle.cz\/eshop\/wp-json\/wp\/v2\/product_tag?post=16858"}],"curies":[{"name":"wp","href":"https:\/\/api.w.org\/{rel}","templated":true}]}}