{"id":16866,"date":"2023-12-09T01:07:54","date_gmt":"2023-12-09T00:07:54","guid":{"rendered":"https:\/\/eterle.cz\/eshop\/produkt\/cajova-sada-pro-4-osoby-wunsiedel\/"},"modified":"2025-06-24T01:53:33","modified_gmt":"2025-06-23T23:53:33","slug":"cajova-sada-pro-4-osoby-wunsiedel","status":"publish","type":"product","link":"https:\/\/eterle.cz\/eshop\/produkt\/cajova-sada-pro-4-osoby-wunsiedel\/","title":{"rendered":"\u010cajov\u00e1 sada pro 4 osoby \/ Wunsiedel"},"content":{"rendered":"<p>\u010cajov\u00e1 sada ve stroh\u00e9m \u010dernob\u00edl\u00e9m designu je vhodn\u00e1 sv\u00fdm dekorem i pro mu\u017ee. Sada obsahuje: \u010dajovou konvici, 4x hrne\u010dky, cuk\u0159enku a ml\u00e9kovku<\/p>\n<p>Stav: v\u00fdborn\u00fd<br \/>\nZna\u010dka: Wunsiedel, Bavaria<br \/>\nRozm\u011br<br \/>\nObjem konvice: 1 l<br \/>\nObjem hrne\u010dku: 180 ml<br \/>\nObjem ml\u00e9kovky: 180 ml<br \/>\nV\u00fd\u0161ka cuk\u0159enky: 8 cm<\/p>\n","protected":false},"excerpt":{"rendered":"<p>\u010cajov\u00e1 sada ve stroh\u00e9m \u010dernob\u00edl\u00e9m designu je vhodn\u00e1 sv\u00fdm dekorem i pro mu\u017ee. Sada obsahuje: \u010dajovou konvici, 4x hrne\u010dky, cuk\u0159enku<\/p>\n","protected":false},"featured_media":16867,"template":"","meta":[],"product_brand":[153],"product_cat":[76,111],"product_tag":[],"class_list":{"0":"post-16866","1":"product","2":"type-product","3":"status-publish","4":"has-post-thumbnail","6":"product_brand-eterle-cz","7":"product_cat-porcelan","8":"product_cat-porcelanove-sady","10":"first","11":"instock","12":"purchasable","13":"product-type-simple"},"_links":{"self":[{"href":"https:\/\/eterle.cz\/eshop\/wp-json\/wp\/v2\/product\/16866","targetHints":{"allow":["GET"]}}],"collection":[{"href":"https:\/\/eterle.cz\/eshop\/wp-json\/wp\/v2\/product"}],"about":[{"href":"https:\/\/eterle.cz\/eshop\/wp-json\/wp\/v2\/types\/product"}],"version-history":[{"count":1,"href":"https:\/\/eterle.cz\/eshop\/wp-json\/wp\/v2\/product\/16866\/revisions"}],"predecessor-version":[{"id":26240,"href":"https:\/\/eterle.cz\/eshop\/wp-json\/wp\/v2\/product\/16866\/revisions\/26240"}],"wp:featuredmedia":[{"embeddable":true,"href":"https:\/\/eterle.cz\/eshop\/wp-json\/wp\/v2\/media\/16867"}],"wp:attachment":[{"href":"https:\/\/eterle.cz\/eshop\/wp-json\/wp\/v2\/media?parent=16866"}],"wp:term":[{"taxonomy":"product_brand","embeddable":true,"href":"https:\/\/eterle.cz\/eshop\/wp-json\/wp\/v2\/product_brand?post=16866"},{"taxonomy":"product_cat","embeddable":true,"href":"https:\/\/eterle.cz\/eshop\/wp-json\/wp\/v2\/product_cat?post=16866"},{"taxonomy":"product_tag","embeddable":true,"href":"https:\/\/eterle.cz\/eshop\/wp-json\/wp\/v2\/product_tag?post=16866"}],"curies":[{"name":"wp","href":"https:\/\/api.w.org\/{rel}","templated":true}]}}