{"id":16873,"date":"2023-12-09T01:08:15","date_gmt":"2023-12-09T00:08:15","guid":{"rendered":"https:\/\/eterle.cz\/eshop\/produkt\/snidanova-sada-rosenthal-7\/"},"modified":"2025-06-24T01:53:33","modified_gmt":"2025-06-23T23:53:33","slug":"snidanova-sada-rosenthal-7","status":"publish","type":"product","link":"https:\/\/eterle.cz\/eshop\/produkt\/snidanova-sada-rosenthal-7\/","title":{"rendered":"Sn\u00edda\u0148ov\u00e1 sada \/ Rosenthal"},"content":{"rendered":"<p>Sn\u00edda\u0148ov\u00e1 sada od n\u011bmeck\u00e9 zna\u010dky Rosenthal dle n\u00e1vrhu z konce 60. let minul\u00e9ho stolet\u00ed od finsk\u00e9ho designer\u00e1 Tapio Wirkkala, kter\u00fd byl p\u0159edn\u00ed postavou nov\u00e9ho u\u017eit\u00e9ho um\u011bn\u00ed a z\u00edskal za sv\u00e9 d\u00edlo mnoho ocen\u011bn\u00ed. Nebyl mu ciz\u00ed \u017e\u00e1dn\u00fd materi\u00e1l (d\u0159evo, sklo, porcel\u00e1n i plast). Mezi jeho nejzn\u00e1m\u011bj\u0161\u00ed n\u00e1vrhy pat\u0159\u00ed asi lahev pro vodku Finlandia, markov\u00e9 bankovky z roku 1955 pro finskou banku a porcel\u00e1nov\u00e9 n\u00e1dob\u00ed pro Rosenthal.<\/p>\n<p>Sada obsahuje: \u0161\u00e1lek s pod\u0161\u00e1lkem, dezertn\u00ed tal\u00ed\u0159ek, ml\u00e9kovku a cuk\u0159enku (5 kus\u016f)<\/p>\n<p>Stav: v\u00fdborn\u00fd<br \/>\nZna\u010dka: Rosenthal<br \/>\nRozm\u011br<br \/>\nObjem hrne\u010dku: 160 ml<br \/>\nObjem ml\u00e9kovky: 160 ml<br \/>\nPr\u016fm\u011br pod\u0161\u00e1lku: 12 cm<br \/>\nPr\u016fm\u011br dezertn\u00edho tal\u00ed\u0159ku: 19,5 cm<br \/>\nV\u00fd\u0161ka cuk\u0159enky: 6,5 cm<\/p>\n","protected":false},"excerpt":{"rendered":"<p>Sn\u00edda\u0148ov\u00e1 sada od n\u011bmeck\u00e9 zna\u010dky Rosenthal dle n\u00e1vrhu z konce 60. let minul\u00e9ho stolet\u00ed od finsk\u00e9ho designer\u00e1 Tapio Wirkkala, kter\u00fd<\/p>\n","protected":false},"featured_media":16874,"template":"","meta":[],"product_brand":[153],"product_cat":[76,111,101],"product_tag":[],"class_list":{"0":"post-16873","1":"product","2":"type-product","3":"status-publish","4":"has-post-thumbnail","6":"product_brand-eterle-cz","7":"product_cat-porcelan","8":"product_cat-porcelanove-sady","9":"product_cat-rosenthal","11":"first","12":"instock","13":"sale","14":"purchasable","15":"product-type-simple"},"_links":{"self":[{"href":"https:\/\/eterle.cz\/eshop\/wp-json\/wp\/v2\/product\/16873","targetHints":{"allow":["GET"]}}],"collection":[{"href":"https:\/\/eterle.cz\/eshop\/wp-json\/wp\/v2\/product"}],"about":[{"href":"https:\/\/eterle.cz\/eshop\/wp-json\/wp\/v2\/types\/product"}],"version-history":[{"count":1,"href":"https:\/\/eterle.cz\/eshop\/wp-json\/wp\/v2\/product\/16873\/revisions"}],"predecessor-version":[{"id":26239,"href":"https:\/\/eterle.cz\/eshop\/wp-json\/wp\/v2\/product\/16873\/revisions\/26239"}],"wp:featuredmedia":[{"embeddable":true,"href":"https:\/\/eterle.cz\/eshop\/wp-json\/wp\/v2\/media\/16874"}],"wp:attachment":[{"href":"https:\/\/eterle.cz\/eshop\/wp-json\/wp\/v2\/media?parent=16873"}],"wp:term":[{"taxonomy":"product_brand","embeddable":true,"href":"https:\/\/eterle.cz\/eshop\/wp-json\/wp\/v2\/product_brand?post=16873"},{"taxonomy":"product_cat","embeddable":true,"href":"https:\/\/eterle.cz\/eshop\/wp-json\/wp\/v2\/product_cat?post=16873"},{"taxonomy":"product_tag","embeddable":true,"href":"https:\/\/eterle.cz\/eshop\/wp-json\/wp\/v2\/product_tag?post=16873"}],"curies":[{"name":"wp","href":"https:\/\/api.w.org\/{rel}","templated":true}]}}