{"id":16879,"date":"2023-12-09T01:08:36","date_gmt":"2023-12-09T00:08:36","guid":{"rendered":"https:\/\/eterle.cz\/eshop\/produkt\/sapo-rosenthal-2\/"},"modified":"2025-06-24T01:53:33","modified_gmt":"2025-06-23T23:53:33","slug":"sapo-rosenthal-2","status":"publish","type":"product","link":"https:\/\/eterle.cz\/eshop\/produkt\/sapo-rosenthal-2\/","title":{"rendered":"\u0160ap\u00f3 \/ Rosenthal"},"content":{"rendered":"<p>\u0160ap\u00f3 na espresso od n\u011bmeck\u00e9 porcel\u00e1nky Rosenthal z \u0159ady studio-linie s rotomil\u00fdm ojedin\u011bl\u00fdm obr\u00e1zkem \u017eelvy ve zlat\u00e9m proveden\u00ed.<\/p>\n<p>Stav: v\u00fdborn\u00fd<br \/>\nZna\u010dka: Rosenthal<br \/>\nRozm\u011br<br \/>\nObjem hrne\u010dku: 110 ml<br \/>\nPr\u016fm\u011br pod\u0161\u00e1lku: 11 cm<\/p>\n","protected":false},"excerpt":{"rendered":"<p>\u0160ap\u00f3 na espresso od n\u011bmeck\u00e9 porcel\u00e1nky Rosenthal z \u0159ady studio-linie s rotomil\u00fdm ojedin\u011bl\u00fdm obr\u00e1zkem \u017eelvy ve zlat\u00e9m proveden\u00ed. Stav: v\u00fdborn\u00fd<\/p>\n","protected":false},"featured_media":16880,"template":"","meta":[],"product_brand":[153],"product_cat":[76,120,101],"product_tag":[],"class_list":{"0":"post-16879","1":"product","2":"type-product","3":"status-publish","4":"has-post-thumbnail","6":"product_brand-eterle-cz","7":"product_cat-porcelan","8":"product_cat-hrnecky","9":"product_cat-rosenthal","11":"first","12":"instock","13":"purchasable","14":"product-type-simple"},"_links":{"self":[{"href":"https:\/\/eterle.cz\/eshop\/wp-json\/wp\/v2\/product\/16879","targetHints":{"allow":["GET"]}}],"collection":[{"href":"https:\/\/eterle.cz\/eshop\/wp-json\/wp\/v2\/product"}],"about":[{"href":"https:\/\/eterle.cz\/eshop\/wp-json\/wp\/v2\/types\/product"}],"version-history":[{"count":1,"href":"https:\/\/eterle.cz\/eshop\/wp-json\/wp\/v2\/product\/16879\/revisions"}],"predecessor-version":[{"id":26238,"href":"https:\/\/eterle.cz\/eshop\/wp-json\/wp\/v2\/product\/16879\/revisions\/26238"}],"wp:featuredmedia":[{"embeddable":true,"href":"https:\/\/eterle.cz\/eshop\/wp-json\/wp\/v2\/media\/16880"}],"wp:attachment":[{"href":"https:\/\/eterle.cz\/eshop\/wp-json\/wp\/v2\/media?parent=16879"}],"wp:term":[{"taxonomy":"product_brand","embeddable":true,"href":"https:\/\/eterle.cz\/eshop\/wp-json\/wp\/v2\/product_brand?post=16879"},{"taxonomy":"product_cat","embeddable":true,"href":"https:\/\/eterle.cz\/eshop\/wp-json\/wp\/v2\/product_cat?post=16879"},{"taxonomy":"product_tag","embeddable":true,"href":"https:\/\/eterle.cz\/eshop\/wp-json\/wp\/v2\/product_tag?post=16879"}],"curies":[{"name":"wp","href":"https:\/\/api.w.org\/{rel}","templated":true}]}}