{"id":16884,"date":"2023-12-09T01:08:58","date_gmt":"2023-12-09T00:08:58","guid":{"rendered":"https:\/\/eterle.cz\/eshop\/produkt\/detsky-termo-talir-limoges\/"},"modified":"2025-02-16T02:50:11","modified_gmt":"2025-02-16T01:50:11","slug":"detsky-termo-talir-limoges","status":"publish","type":"product","link":"https:\/\/eterle.cz\/eshop\/produkt\/detsky-termo-talir-limoges\/","title":{"rendered":"D\u011btsk\u00fd termo tal\u00ed\u0159 \/ Limoges"},"content":{"rendered":"<p>Termo tal\u00ed\u0159 od fr. zna\u010dky Limoges, kter\u00e1 si dodnes udr\u017euje pozici, kterou si vytvo\u0159ilo v 19. stolet\u00ed jako p\u0159edn\u00ed m\u011bsto v\u00fdroby porcel\u00e1nu ve Francii. Termotal\u00ed\u0159 je pro d\u011bti praktick\u00fd, aby udr\u017eel teplotu pokrmu, i kdy\u017e se s jeho konzumaci mal\u00fd str\u00e1vn\u00edc\u00ed \u010dasto loudaj\u00ed \ud83d\ude42<\/p>\n<p>Stav: v\u00fdborn\u00fd, nepou\u017eit\u00fd<br \/>\nZna\u010dka: Limoges<br \/>\nRozm\u011br<br \/>\nPr\u016fm\u011br: 17,5 cm<\/p>\n","protected":false},"excerpt":{"rendered":"<p>Termo tal\u00ed\u0159 od fr. zna\u010dky Limoges, kter\u00e1 si dodnes udr\u017euje pozici, kterou si vytvo\u0159ilo v 19. stolet\u00ed jako p\u0159edn\u00ed m\u011bsto<\/p>\n","protected":false},"featured_media":16885,"template":"","meta":[],"product_brand":[153],"product_cat":[91],"product_tag":[],"class_list":{"0":"post-16884","1":"product","2":"type-product","3":"status-publish","4":"has-post-thumbnail","6":"product_brand-eterle-cz","7":"product_cat-prodane","9":"first","10":"outofstock","11":"purchasable","12":"product-type-simple"},"_links":{"self":[{"href":"https:\/\/eterle.cz\/eshop\/wp-json\/wp\/v2\/product\/16884","targetHints":{"allow":["GET"]}}],"collection":[{"href":"https:\/\/eterle.cz\/eshop\/wp-json\/wp\/v2\/product"}],"about":[{"href":"https:\/\/eterle.cz\/eshop\/wp-json\/wp\/v2\/types\/product"}],"version-history":[{"count":0,"href":"https:\/\/eterle.cz\/eshop\/wp-json\/wp\/v2\/product\/16884\/revisions"}],"wp:featuredmedia":[{"embeddable":true,"href":"https:\/\/eterle.cz\/eshop\/wp-json\/wp\/v2\/media\/16885"}],"wp:attachment":[{"href":"https:\/\/eterle.cz\/eshop\/wp-json\/wp\/v2\/media?parent=16884"}],"wp:term":[{"taxonomy":"product_brand","embeddable":true,"href":"https:\/\/eterle.cz\/eshop\/wp-json\/wp\/v2\/product_brand?post=16884"},{"taxonomy":"product_cat","embeddable":true,"href":"https:\/\/eterle.cz\/eshop\/wp-json\/wp\/v2\/product_cat?post=16884"},{"taxonomy":"product_tag","embeddable":true,"href":"https:\/\/eterle.cz\/eshop\/wp-json\/wp\/v2\/product_tag?post=16884"}],"curies":[{"name":"wp","href":"https:\/\/api.w.org\/{rel}","templated":true}]}}