{"id":16889,"date":"2023-12-09T01:09:14","date_gmt":"2023-12-09T00:09:14","guid":{"rendered":"https:\/\/eterle.cz\/eshop\/produkt\/detsky-hluboky-talir-thomas\/"},"modified":"2025-02-16T02:50:11","modified_gmt":"2025-02-16T01:50:11","slug":"detsky-hluboky-talir-thomas","status":"publish","type":"product","link":"https:\/\/eterle.cz\/eshop\/produkt\/detsky-hluboky-talir-thomas\/","title":{"rendered":"D\u011btsk\u00fd hlubok\u00fd tal\u00ed\u0159 \/ Thomas"},"content":{"rendered":"<p>D\u011btsk\u00fd hlubok\u00fd tal\u00ed\u0159 od n\u011bmeck\u00e9 porcel\u00e1nky Thomas spadaj\u00edc\u00ed do skupiny Rosenthal. Po okraji je tal\u00ed\u0159 zdoben my\u0161kami v r\u016fzn\u00fdch pozic\u00edch p\u0159i hran\u00ed fotbalu. Z\u00e1bavn\u00fd a barevn\u00fd tal\u00ed\u0159 pro mal\u00e9ho fotbalistu.<\/p>\n<p>Stav: v\u00fdborn\u00fd, nepou\u017eit\u00fd<br \/>\nZna\u010dka: Thomas<br \/>\nRozm\u011br<br \/>\nPr\u016fm\u011br: 22,5 cm<\/p>\n","protected":false},"excerpt":{"rendered":"<p>D\u011btsk\u00fd hlubok\u00fd tal\u00ed\u0159 od n\u011bmeck\u00e9 porcel\u00e1nky Thomas spadaj\u00edc\u00ed do skupiny Rosenthal. Po okraji je tal\u00ed\u0159 zdoben my\u0161kami v r\u016fzn\u00fdch pozic\u00edch<\/p>\n","protected":false},"featured_media":16890,"template":"","meta":[],"product_brand":[153],"product_cat":[91],"product_tag":[],"class_list":{"0":"post-16889","1":"product","2":"type-product","3":"status-publish","4":"has-post-thumbnail","6":"product_brand-eterle-cz","7":"product_cat-prodane","9":"first","10":"outofstock","11":"purchasable","12":"product-type-simple"},"_links":{"self":[{"href":"https:\/\/eterle.cz\/eshop\/wp-json\/wp\/v2\/product\/16889","targetHints":{"allow":["GET"]}}],"collection":[{"href":"https:\/\/eterle.cz\/eshop\/wp-json\/wp\/v2\/product"}],"about":[{"href":"https:\/\/eterle.cz\/eshop\/wp-json\/wp\/v2\/types\/product"}],"version-history":[{"count":1,"href":"https:\/\/eterle.cz\/eshop\/wp-json\/wp\/v2\/product\/16889\/revisions"}],"predecessor-version":[{"id":17571,"href":"https:\/\/eterle.cz\/eshop\/wp-json\/wp\/v2\/product\/16889\/revisions\/17571"}],"wp:featuredmedia":[{"embeddable":true,"href":"https:\/\/eterle.cz\/eshop\/wp-json\/wp\/v2\/media\/16890"}],"wp:attachment":[{"href":"https:\/\/eterle.cz\/eshop\/wp-json\/wp\/v2\/media?parent=16889"}],"wp:term":[{"taxonomy":"product_brand","embeddable":true,"href":"https:\/\/eterle.cz\/eshop\/wp-json\/wp\/v2\/product_brand?post=16889"},{"taxonomy":"product_cat","embeddable":true,"href":"https:\/\/eterle.cz\/eshop\/wp-json\/wp\/v2\/product_cat?post=16889"},{"taxonomy":"product_tag","embeddable":true,"href":"https:\/\/eterle.cz\/eshop\/wp-json\/wp\/v2\/product_tag?post=16889"}],"curies":[{"name":"wp","href":"https:\/\/api.w.org\/{rel}","templated":true}]}}