{"id":16894,"date":"2023-12-09T01:09:30","date_gmt":"2023-12-09T00:09:30","guid":{"rendered":"https:\/\/eterle.cz\/eshop\/produkt\/detska-cajova-souprava\/"},"modified":"2025-04-14T21:44:50","modified_gmt":"2025-04-14T19:44:50","slug":"detska-cajova-souprava","status":"publish","type":"product","link":"https:\/\/eterle.cz\/eshop\/produkt\/detska-cajova-souprava\/","title":{"rendered":"D\u011btsk\u00e1 \u010dajov\u00e1 souprava"},"content":{"rendered":"<p>Roztomil\u00e1 staro\u017eitn\u00e1 \u010dajov\u00e1 souprava pro hol\u010di\u010dky na \u010daj o p\u00e1t\u00e9 nebo pro jejich panenky od n\u011bmeck\u00e9 porcel\u00e1nky Weimar s 200 let dlouholetou tradic\u00ed. Porcel\u00e1n t\u00e9to zna\u010dky je z\u00e1rukou nejvy\u0161\u0161\u00ed kvality, \u0159emesln\u00e9 dovednosti a vyt\u0159\u00edben\u00e9 \u010distoty porcel\u00e1nu. Sada je v perfektn\u00edm stavu jen bohu\u017eel chyb\u00ed jedno v\u00ed\u010dko. V\u00ed\u010dko, kter\u00e9 je sou\u010d\u00e1st\u00ed pasuje jak na cuk\u0159enku, tak na konvi\u010dku.<\/p>\n<p>Stav: v\u00fdborn\u00fd, pouze chyb\u00ed jedno v\u00ed\u010dko<br \/>\nZna\u010dka: Weimar<br \/>\nRozm\u011br<br \/>\nV\u00fd\u0161ka cuk\u0159enky: 10 cm<br \/>\nV\u00fd\u0161ka \u010dajov\u00e9 konvi\u010dky: 12 cm<br \/>\nV\u00fd\u0161ka hrne\u010dku: 4,5 cm<br \/>\nPr\u016fm\u011br pod\u0161\u00e1lku: 9,5 cm<\/p>\n","protected":false},"excerpt":{"rendered":"<p>Roztomil\u00e1 staro\u017eitn\u00e1 \u010dajov\u00e1 souprava pro hol\u010di\u010dky na \u010daj o p\u00e1t\u00e9 nebo pro jejich panenky od n\u011bmeck\u00e9 porcel\u00e1nky Weimar s 200<\/p>\n","protected":false},"featured_media":16895,"template":"","meta":[],"product_brand":[153],"product_cat":[91],"product_tag":[],"class_list":{"0":"post-16894","1":"product","2":"type-product","3":"status-publish","4":"has-post-thumbnail","6":"product_brand-eterle-cz","7":"product_cat-prodane","9":"first","10":"outofstock","11":"purchasable","12":"product-type-simple"},"_links":{"self":[{"href":"https:\/\/eterle.cz\/eshop\/wp-json\/wp\/v2\/product\/16894","targetHints":{"allow":["GET"]}}],"collection":[{"href":"https:\/\/eterle.cz\/eshop\/wp-json\/wp\/v2\/product"}],"about":[{"href":"https:\/\/eterle.cz\/eshop\/wp-json\/wp\/v2\/types\/product"}],"version-history":[{"count":0,"href":"https:\/\/eterle.cz\/eshop\/wp-json\/wp\/v2\/product\/16894\/revisions"}],"wp:featuredmedia":[{"embeddable":true,"href":"https:\/\/eterle.cz\/eshop\/wp-json\/wp\/v2\/media\/16895"}],"wp:attachment":[{"href":"https:\/\/eterle.cz\/eshop\/wp-json\/wp\/v2\/media?parent=16894"}],"wp:term":[{"taxonomy":"product_brand","embeddable":true,"href":"https:\/\/eterle.cz\/eshop\/wp-json\/wp\/v2\/product_brand?post=16894"},{"taxonomy":"product_cat","embeddable":true,"href":"https:\/\/eterle.cz\/eshop\/wp-json\/wp\/v2\/product_cat?post=16894"},{"taxonomy":"product_tag","embeddable":true,"href":"https:\/\/eterle.cz\/eshop\/wp-json\/wp\/v2\/product_tag?post=16894"}],"curies":[{"name":"wp","href":"https:\/\/api.w.org\/{rel}","templated":true}]}}