{"id":16909,"date":"2023-12-09T01:10:15","date_gmt":"2023-12-09T00:10:15","guid":{"rendered":"https:\/\/eterle.cz\/eshop\/produkt\/cajova-sada-pro-6-osob-kpm\/"},"modified":"2025-06-24T01:53:32","modified_gmt":"2025-06-23T23:53:32","slug":"cajova-sada-pro-6-osob-kpm","status":"publish","type":"product","link":"https:\/\/eterle.cz\/eshop\/produkt\/cajova-sada-pro-6-osob-kpm\/","title":{"rendered":"\u010cajov\u00e1 sada pro 6 osob \/ KPM"},"content":{"rendered":"<p>\u010cajov\u00e1 sada pro 6 osob od n\u011bmeck\u00e9 velmi \u00fasp\u011b\u0161n\u00e9 porcel\u00e1nky KPM, kter\u00e1 p\u016fsob\u00ed na trhu ji\u017e v\u00edce ne\u017e 250 let a specializuje se na v\u00fdrobu vysoce kvalitn\u00edho dekorativn\u00edho um\u011bn\u00ed. Produkty t\u00e9to zna\u010dky jsou cen\u011bny tak\u00e9 pro sv\u00e9 vazby na pruskou kr\u00e1lovskou rodinu a n\u011bmeck\u00fd st\u00e1t, stejn\u011b jako pro jejich siln\u00fd d\u016fraz na kvalitu a ru\u010dn\u00ed design.<\/p>\n<p>Sada rokokov\u00e9ho tvaru v barv\u011b slonov\u00e9 kosti s bohat\u00fdm plastick\u00fdm zdoben\u00edm. Ve\u0161ker\u00e9 konvi\u010dky jsou v perfektn\u00edm stavu a snad jakoby byly pouze vystaven\u00e9. Stejn\u011b tak 5 tal\u00ed\u0159k\u016f a t\u0159i hrne\u010dky jsou v perfektn\u00edm stavu. T\u0159i hrne\u010dky maj\u00ed sice drobn\u00e9 vady (viz foto a stav), ale na kr\u00e1se a u\u017e\u00edv\u00e1n\u00ed to sad\u011b nijak neub\u00edr\u00e1.<\/p>\n<p>Stav: \u010d\u00e1ste\u010dn\u011b v\u00fdborn\u00fd a 3 hrnky drobn\u00e1 vada (jeden mikroo\u0165uk, druh\u00fd mali\u010dk\u00fd kousek lepen\u00fd, t\u0159et\u00ed \u0161t\u00edpl\u00fd &#8211; viz foto), jeden tal\u00ed\u0159ek zespoda \u0161t\u00edpl\u00fd<br \/>\nZna\u010dka: KPM<br \/>\nRozm\u011br<br \/>\nObjem \u010dajov\u00e9 konvice: 1,5 l<br \/>\nObjem d\u017eb\u00e1nku: 1 l<br \/>\nObjem ml\u00e9kovky: 350 ml<br \/>\nObjem hrne\u010dku: 150 ml<br \/>\nPr\u016fm\u011br pod\u0161\u00e1lku: 12,5 cm<\/p>\n","protected":false},"excerpt":{"rendered":"<p>\u010cajov\u00e1 sada pro 6 osob od n\u011bmeck\u00e9 velmi \u00fasp\u011b\u0161n\u00e9 porcel\u00e1nky KPM, kter\u00e1 p\u016fsob\u00ed na trhu ji\u017e v\u00edce ne\u017e 250 let<\/p>\n","protected":false},"featured_media":16910,"template":"","meta":[],"product_brand":[153],"product_cat":[76,111],"product_tag":[],"class_list":{"0":"post-16909","1":"product","2":"type-product","3":"status-publish","4":"has-post-thumbnail","6":"product_brand-eterle-cz","7":"product_cat-porcelan","8":"product_cat-porcelanove-sady","10":"first","11":"instock","12":"sale","13":"purchasable","14":"product-type-simple"},"_links":{"self":[{"href":"https:\/\/eterle.cz\/eshop\/wp-json\/wp\/v2\/product\/16909","targetHints":{"allow":["GET"]}}],"collection":[{"href":"https:\/\/eterle.cz\/eshop\/wp-json\/wp\/v2\/product"}],"about":[{"href":"https:\/\/eterle.cz\/eshop\/wp-json\/wp\/v2\/types\/product"}],"version-history":[{"count":1,"href":"https:\/\/eterle.cz\/eshop\/wp-json\/wp\/v2\/product\/16909\/revisions"}],"predecessor-version":[{"id":26237,"href":"https:\/\/eterle.cz\/eshop\/wp-json\/wp\/v2\/product\/16909\/revisions\/26237"}],"wp:featuredmedia":[{"embeddable":true,"href":"https:\/\/eterle.cz\/eshop\/wp-json\/wp\/v2\/media\/16910"}],"wp:attachment":[{"href":"https:\/\/eterle.cz\/eshop\/wp-json\/wp\/v2\/media?parent=16909"}],"wp:term":[{"taxonomy":"product_brand","embeddable":true,"href":"https:\/\/eterle.cz\/eshop\/wp-json\/wp\/v2\/product_brand?post=16909"},{"taxonomy":"product_cat","embeddable":true,"href":"https:\/\/eterle.cz\/eshop\/wp-json\/wp\/v2\/product_cat?post=16909"},{"taxonomy":"product_tag","embeddable":true,"href":"https:\/\/eterle.cz\/eshop\/wp-json\/wp\/v2\/product_tag?post=16909"}],"curies":[{"name":"wp","href":"https:\/\/api.w.org\/{rel}","templated":true}]}}